{"id":4243,"date":"2024-11-27T08:24:19","date_gmt":"2024-11-27T07:24:19","guid":{"rendered":"https:\/\/cle.e-clectic.ch\/loesungen\/loesungen-von-cl-electronics\/modbus-gateway\/"},"modified":"2025-03-07T13:07:54","modified_gmt":"2025-03-07T12:07:54","slug":"modbus-gateway","status":"publish","type":"page","link":"https:\/\/site.cl-electronics.com\/de\/loesungen\/loesungen-von-cl-electronics\/modbus-gateway\/","title":{"rendered":"Modbus Gateway"},"content":{"rendered":"\t\t<div data-elementor-type=\"wp-page\" data-elementor-id=\"4243\" class=\"elementor elementor-4243 elementor-3083\" data-elementor-post-type=\"page\">\n\t\t\t\t<div class=\"elementor-element elementor-element-3a924f78 e-flex e-con-boxed wpr-particle-no wpr-jarallax-no wpr-parallax-no wpr-sticky-section-no e-con e-parent\" data-id=\"3a924f78\" data-element_type=\"container\">\n\t\t\t\t\t<div class=\"e-con-inner\">\n\t\t\t\t<div class=\"elementor-element elementor-element-142b981b elementor-widget elementor-widget-wpr-breadcrumbs-pro\" data-id=\"142b981b\" data-element_type=\"widget\" data-widget_type=\"wpr-breadcrumbs-pro.default\">\n\t\t\t\t<div class=\"elementor-widget-container\">\n\t\t\t\t\t<div class=\"wpr-post-breadcrumbs\"><ul class=\"wpr-breadcrumbs\"><li><a href=\"https:\/\/site.cl-electronics.com\/de\/\">Startseite<\/a><\/li><li>\/<\/li><li>Modbus Gateway<\/li><\/ul><\/div>\t\t\t\t<\/div>\n\t\t\t\t<\/div>\n\t\t\t\t<div class=\"elementor-element elementor-element-1e796e2f elementor-widget-divider--view-line elementor-widget elementor-widget-divider\" data-id=\"1e796e2f\" data-element_type=\"widget\" data-widget_type=\"divider.default\">\n\t\t\t\t<div class=\"elementor-widget-container\">\n\t\t\t\t\t\t\t<div class=\"elementor-divider\">\n\t\t\t<span class=\"elementor-divider-separator\">\n\t\t\t\t\t\t<\/span>\n\t\t<\/div>\n\t\t\t\t\t\t<\/div>\n\t\t\t\t<\/div>\n\t\t\t\t\t<\/div>\n\t\t\t\t<\/div>\n\t\t<div class=\"elementor-element elementor-element-2cb7b747 e-con-full e-flex wpr-particle-no wpr-jarallax-no wpr-parallax-no wpr-sticky-section-no e-con e-parent\" data-id=\"2cb7b747\" data-element_type=\"container\">\n\t\t<div class=\"elementor-element elementor-element-74289ccc e-con-full e-flex wpr-particle-no wpr-jarallax-no wpr-parallax-no wpr-sticky-section-no e-con e-child\" data-id=\"74289ccc\" data-element_type=\"container\">\n\t\t\t\t<div class=\"elementor-element elementor-element-d3a304d elementor-widget__width-auto elementor-absolute elementor-widget elementor-widget-button\" data-id=\"d3a304d\" data-element_type=\"widget\" data-settings=\"{&quot;_position&quot;:&quot;absolute&quot;}\" data-widget_type=\"button.default\">\n\t\t\t\t<div class=\"elementor-widget-container\">\n\t\t\t\t\t\t\t\t\t<div class=\"elementor-button-wrapper\">\n\t\t\t\t\t<a class=\"elementor-button elementor-button-link elementor-size-sm\" href=\"https:\/\/cle.e-clectic.ch\/de\/kontakte\/\">\n\t\t\t\t\t\t<span class=\"elementor-button-content-wrapper\">\n\t\t\t\t\t\t\t\t\t<span class=\"elementor-button-text\">KONTAKT<\/span>\n\t\t\t\t\t<\/span>\n\t\t\t\t\t<\/a>\n\t\t\t\t<\/div>\n\t\t\t\t\t\t\t\t<\/div>\n\t\t\t\t<\/div>\n\t\t\t\t<div class=\"elementor-element elementor-element-7bfc94aa elementor-widget__width-initial elementor-widget elementor-widget-image\" data-id=\"7bfc94aa\" data-element_type=\"widget\" data-widget_type=\"image.default\">\n\t\t\t\t<div class=\"elementor-widget-container\">\n\t\t\t\t\t\t\t\t\t\t\t\t\t\t\t<img fetchpriority=\"high\" decoding=\"async\" width=\"400\" height=\"400\" src=\"https:\/\/site.cl-electronics.com\/wp-content\/uploads\/2024\/11\/modBus-Gateway.png\" class=\"attachment-large size-large wp-image-3084\" alt=\"\" srcset=\"https:\/\/site.cl-electronics.com\/wp-content\/uploads\/2024\/11\/modBus-Gateway.png 400w, https:\/\/site.cl-electronics.com\/wp-content\/uploads\/2024\/11\/modBus-Gateway-300x300.png 300w, https:\/\/site.cl-electronics.com\/wp-content\/uploads\/2024\/11\/modBus-Gateway-80x80.png 80w\" sizes=\"(max-width: 400px) 100vw, 400px\" \/>\t\t\t\t\t\t\t\t\t\t\t\t\t\t\t<\/div>\n\t\t\t\t<\/div>\n\t\t\t\t<div class=\"elementor-element elementor-element-51a66a90 elementor-widget__width-initial elementor-widget elementor-widget-text-editor\" data-id=\"51a66a90\" data-element_type=\"widget\" data-widget_type=\"text-editor.default\">\n\t\t\t\t<div class=\"elementor-widget-container\">\n\t\t\t\t\t\t\t\t\t<p>In der Geb\u00e4udeautomation ist es aus Sicherheitsgr\u00fcnden wichtig, die Kontrolle und den \u00dcberblick \u00fcber die gesamte installierte Basis wie Feuerl\u00f6sch-, Luft-, Temperatur- oder Zugangskontrollsysteme zu haben. Unser Modbus-Gateway verbindet Ihr Sicherheits\u00fcberwachungssystem mit dem Rest Ihrer Geb\u00e4udeautomationssysteme. Es wird zur zentralen Plattform und zum Controller f\u00fcr alle Ihre installierten Systeme.<\/p>\n\t\t\t\t\t\t\t\t<\/div>\n\t\t\t\t<\/div>\n\t\t\t\t<div class=\"elementor-element elementor-element-4a6db837 square e-n-tabs-mobile elementor-widget elementor-widget-n-tabs\" data-id=\"4a6db837\" data-element_type=\"widget\" data-settings=\"{&quot;tabs_justify_horizontal&quot;:&quot;start&quot;,&quot;horizontal_scroll&quot;:&quot;disable&quot;}\" data-widget_type=\"nested-tabs.default\">\n\t\t\t\t<div class=\"elementor-widget-container\">\n\t\t\t\t\t\t\t<div class=\"e-n-tabs\" data-widget-number=\"1248704567\" aria-label=\"Tabs. Open items with Enter or Space, close with Escape and navigate using the Arrow keys.\">\n\t\t\t<div class=\"e-n-tabs-heading\" role=\"tablist\">\n\t\t\t\t\t<button id=\"e-n-tab-title-12487045671\" class=\"e-n-tab-title\" aria-selected=\"true\" data-tab-index=\"1\" role=\"tab\" tabindex=\"0\" aria-controls=\"e-n-tab-content-12487045671\" style=\"--n-tabs-title-order: 1;\">\n\t\t\t\t\t\t<span class=\"e-n-tab-title-text\">\n\t\t\t\tANWENDUNGSBEREICHE\t\t\t<\/span>\n\t\t<\/button>\n\t\t\t\t\t<\/div>\n\t\t\t<div class=\"e-n-tabs-content\">\n\t\t\t\t<div id=\"e-n-tab-content-12487045671\" role=\"tabpanel\" aria-labelledby=\"e-n-tab-title-12487045671\" data-tab-index=\"1\" style=\"--n-tabs-title-order: 1;\" class=\"e-active elementor-element elementor-element-1ac863ca square e-flex e-con-boxed wpr-particle-no wpr-jarallax-no wpr-parallax-no wpr-sticky-section-no e-con e-child\" data-id=\"1ac863ca\" data-element_type=\"container\">\n\t\t\t\t\t<div class=\"e-con-inner\">\n\t\t\t\t<div class=\"elementor-element elementor-element-a04e947 elementor-widget elementor-widget-text-editor\" data-id=\"a04e947\" data-element_type=\"widget\" data-widget_type=\"text-editor.default\">\n\t\t\t\t<div class=\"elementor-widget-container\">\n\t\t\t\t\t\t\t\t\t<ul>\n<li>Eisenbahngesch\u00e4ft<\/li>\n<li>3D-Roboter-Kommissionierung<\/li>\n<li>Umgang mit Lebensmitteln<\/li>\n<li>Steuerung des logistischen Workflows<\/li>\n<li>City Access Management<\/li>\n<li>Kontrolle des Parkplatzes<\/li>\n<li>Entsorgungsstellen<\/li>\n<li>Tankstellen<\/li>\n<\/ul>\n\t\t\t\t\t\t\t\t<\/div>\n\t\t\t\t<\/div>\n\t\t\t\t\t<\/div>\n\t\t\t\t<\/div>\n\t\t\t\t\t<\/div>\n\t\t<\/div>\n\t\t\t\t\t\t<\/div>\n\t\t\t\t<\/div>\n\t\t\t\t<div class=\"elementor-element elementor-element-55f1e3f elementor-widget__width-inherit elementor-widget elementor-widget-button\" data-id=\"55f1e3f\" data-element_type=\"widget\" data-widget_type=\"button.default\">\n\t\t\t\t<div class=\"elementor-widget-container\">\n\t\t\t\t\t\t\t\t\t<div class=\"elementor-button-wrapper\">\n\t\t\t\t\t<a class=\"elementor-button elementor-button-link elementor-size-sm\" href=\"https:\/\/cle.e-clectic.ch\/de\/kontakte\/\">\n\t\t\t\t\t\t<span class=\"elementor-button-content-wrapper\">\n\t\t\t\t\t\t\t\t\t<span class=\"elementor-button-text\">KONTAKT<\/span>\n\t\t\t\t\t<\/span>\n\t\t\t\t\t<\/a>\n\t\t\t\t<\/div>\n\t\t\t\t\t\t\t\t<\/div>\n\t\t\t\t<\/div>\n\t\t\t\t<\/div>\n\t\t<div class=\"elementor-element elementor-element-33f6ef59 e-con-full e-flex wpr-particle-no wpr-jarallax-no wpr-parallax-no wpr-sticky-section-no e-con e-child\" data-id=\"33f6ef59\" data-element_type=\"container\">\n\t\t\t\t<div class=\"elementor-element elementor-element-4a255d96 elementor-widget elementor-widget-text-editor\" data-id=\"4a255d96\" data-element_type=\"widget\" data-widget_type=\"text-editor.default\">\n\t\t\t\t<div class=\"elementor-widget-container\">\n\t\t\t\t\t\t\t\t\t<h5><a href=\"https:\/\/cle.e-clectic.ch\/de\/loesungen\/loesungen-von-cl-electronics\/\"><strong>L\u00f6sungen von CL Electronics<\/strong><\/a><\/h5>\n\t\t\t\t\t\t\t\t<\/div>\n\t\t\t\t<\/div>\n\t\t\t\t<div class=\"elementor-element elementor-element-60c7eb16 elementor-widget__width-initial elementor-nav-menu--dropdown-tablet elementor-nav-menu__text-align-aside elementor-nav-menu--toggle elementor-nav-menu--burger elementor-widget elementor-widget-nav-menu\" data-id=\"60c7eb16\" data-element_type=\"widget\" data-settings=\"{&quot;layout&quot;:&quot;vertical&quot;,&quot;submenu_icon&quot;:{&quot;value&quot;:&quot;&lt;svg class=\\&quot;e-font-icon-svg e-fas-caret-down\\&quot; viewBox=\\&quot;0 0 320 512\\&quot; xmlns=\\&quot;http:\\\/\\\/www.w3.org\\\/2000\\\/svg\\&quot;&gt;&lt;path d=\\&quot;M31.3 192h257.3c17.8 0 26.7 21.5 14.1 34.1L174.1 354.8c-7.8 7.8-20.5 7.8-28.3 0L17.2 226.1C4.6 213.5 13.5 192 31.3 192z\\&quot;&gt;&lt;\\\/path&gt;&lt;\\\/svg&gt;&quot;,&quot;library&quot;:&quot;fa-solid&quot;},&quot;toggle&quot;:&quot;burger&quot;}\" data-widget_type=\"nav-menu.default\">\n\t\t\t\t<div class=\"elementor-widget-container\">\n\t\t\t\t\t\t\t\t<nav aria-label=\"Solutions\" class=\"elementor-nav-menu--main elementor-nav-menu__container elementor-nav-menu--layout-vertical e--pointer-underline e--animation-fade\">\n\t\t\t\t<ul id=\"menu-1-60c7eb16\" class=\"elementor-nav-menu sm-vertical\"><li class=\"menu-item menu-item-type-post_type menu-item-object-page menu-item-4402\"><a href=\"https:\/\/site.cl-electronics.com\/de\/loesungen\/loesungen-von-cl-electronics\/modbus-gateway\/\" class=\"elementor-item\">Modbus Gateway<\/a><\/li>\n<li class=\"menu-item menu-item-type-post_type menu-item-object-page menu-item-4403\"><a href=\"https:\/\/site.cl-electronics.com\/de\/loesungen\/loesungen-von-cl-electronics\/wob\/\" class=\"elementor-item\">WoB<\/a><\/li>\n<li class=\"menu-item menu-item-type-post_type menu-item-object-page menu-item-4404\"><a href=\"https:\/\/site.cl-electronics.com\/de\/loesungen\/loesungen-von-cl-electronics\/kamera-manager\/\" class=\"elementor-item\">Kamera-Manager<\/a><\/li>\n<\/ul>\t\t\t<\/nav>\n\t\t\t\t\t<div class=\"elementor-menu-toggle\" role=\"button\" tabindex=\"0\" aria-label=\"Men\u00fc Umschalter\" aria-expanded=\"false\">\n\t\t\t<svg aria-hidden=\"true\" role=\"presentation\" class=\"elementor-menu-toggle__icon--open e-font-icon-svg e-eicon-menu-bar\" viewBox=\"0 0 1000 1000\" xmlns=\"http:\/\/www.w3.org\/2000\/svg\"><path d=\"M104 333H896C929 333 958 304 958 271S929 208 896 208H104C71 208 42 237 42 271S71 333 104 333ZM104 583H896C929 583 958 554 958 521S929 458 896 458H104C71 458 42 487 42 521S71 583 104 583ZM104 833H896C929 833 958 804 958 771S929 708 896 708H104C71 708 42 737 42 771S71 833 104 833Z\"><\/path><\/svg><svg aria-hidden=\"true\" role=\"presentation\" class=\"elementor-menu-toggle__icon--close e-font-icon-svg e-eicon-close\" viewBox=\"0 0 1000 1000\" xmlns=\"http:\/\/www.w3.org\/2000\/svg\"><path d=\"M742 167L500 408 258 167C246 154 233 150 217 150 196 150 179 158 167 167 154 179 150 196 150 212 150 229 154 242 171 254L408 500 167 742C138 771 138 800 167 829 196 858 225 858 254 829L496 587 738 829C750 842 767 846 783 846 800 846 817 842 829 829 842 817 846 804 846 783 846 767 842 750 829 737L588 500 833 258C863 229 863 200 833 171 804 137 775 137 742 167Z\"><\/path><\/svg>\t\t\t<span class=\"elementor-screen-only\">Men\u00fc<\/span>\n\t\t<\/div>\n\t\t\t\t\t<nav class=\"elementor-nav-menu--dropdown elementor-nav-menu__container\" aria-hidden=\"true\">\n\t\t\t\t<ul id=\"menu-2-60c7eb16\" class=\"elementor-nav-menu sm-vertical\"><li class=\"menu-item menu-item-type-post_type menu-item-object-page menu-item-4402\"><a href=\"https:\/\/site.cl-electronics.com\/de\/loesungen\/loesungen-von-cl-electronics\/modbus-gateway\/\" class=\"elementor-item\" tabindex=\"-1\">Modbus Gateway<\/a><\/li>\n<li class=\"menu-item menu-item-type-post_type menu-item-object-page menu-item-4403\"><a href=\"https:\/\/site.cl-electronics.com\/de\/loesungen\/loesungen-von-cl-electronics\/wob\/\" class=\"elementor-item\" tabindex=\"-1\">WoB<\/a><\/li>\n<li class=\"menu-item menu-item-type-post_type menu-item-object-page menu-item-4404\"><a href=\"https:\/\/site.cl-electronics.com\/de\/loesungen\/loesungen-von-cl-electronics\/kamera-manager\/\" class=\"elementor-item\" tabindex=\"-1\">Kamera-Manager<\/a><\/li>\n<\/ul>\t\t\t<\/nav>\n\t\t\t\t\t\t<\/div>\n\t\t\t\t<\/div>\n\t\t\t\t<\/div>\n\t\t<div class=\"elementor-element elementor-element-4c845f1 e-con-full e-flex wpr-particle-no wpr-jarallax-no wpr-parallax-no wpr-sticky-section-no e-con e-child\" data-id=\"4c845f1\" data-element_type=\"container\">\n\t\t\t\t<\/div>\n\t\t\t\t<\/div>\n\t\t\t\t<\/div>\n\t\t","protected":false},"excerpt":{"rendered":"<p>Home \/ KONTAKT In der Geb\u00e4udeautomation ist es aus Sicherheitsgr\u00fcnden wichtig, die Kontrolle und den \u00dcberblick \u00fcber die gesamte installierte Basis wie Feuerl\u00f6sch-, Luft-, Temperatur-&#8230;<\/p>\n","protected":false},"author":1,"featured_media":3698,"parent":4162,"menu_order":0,"comment_status":"closed","ping_status":"closed","template":"","meta":{"inline_featured_image":false,"footnotes":""},"categories":[107],"tags":[],"class_list":["post-4243","page","type-page","status-publish","has-post-thumbnail","hentry","category-losungen"],"yoast_head":"<!-- This site is optimized with the Yoast SEO plugin v24.1 - https:\/\/yoast.com\/wordpress\/plugins\/seo\/ -->\n<title>Modbus Gateway - CL Electronics<\/title>\n<meta name=\"robots\" content=\"index, follow, max-snippet:-1, max-image-preview:large, max-video-preview:-1\" \/>\n<link rel=\"canonical\" href=\"https:\/\/site.cl-electronics.com\/de\/loesungen\/loesungen-von-cl-electronics\/modbus-gateway\/\" \/>\n<meta property=\"og:locale\" content=\"de_DE\" \/>\n<meta property=\"og:type\" content=\"article\" \/>\n<meta property=\"og:title\" content=\"Modbus Gateway - CL Electronics\" \/>\n<meta property=\"og:description\" content=\"Home \/ KONTAKT In der Geb\u00e4udeautomation ist es aus Sicherheitsgr\u00fcnden wichtig, die Kontrolle und den \u00dcberblick \u00fcber die gesamte installierte Basis wie Feuerl\u00f6sch-, Luft-, Temperatur-...\" \/>\n<meta property=\"og:url\" content=\"https:\/\/site.cl-electronics.com\/de\/loesungen\/loesungen-von-cl-electronics\/modbus-gateway\/\" \/>\n<meta property=\"og:site_name\" content=\"CL Electronics\" \/>\n<meta property=\"article:modified_time\" content=\"2025-03-07T12:07:54+00:00\" \/>\n<meta property=\"og:image\" content=\"https:\/\/cle.e-clectic.ch\/wp-content\/uploads\/2024\/11\/modBus-Gateway-1.png\" \/>\n\t<meta property=\"og:image:width\" content=\"400\" \/>\n\t<meta property=\"og:image:height\" content=\"327\" \/>\n\t<meta property=\"og:image:type\" content=\"image\/png\" \/>\n<meta name=\"twitter:card\" content=\"summary_large_image\" \/>\n<meta name=\"twitter:label1\" content=\"Gesch\u00e4tzte Lesezeit\" \/>\n\t<meta name=\"twitter:data1\" content=\"1\u00a0Minute\" \/>\n<script type=\"application\/ld+json\" class=\"yoast-schema-graph\">{\"@context\":\"https:\/\/schema.org\",\"@graph\":[{\"@type\":\"WebPage\",\"@id\":\"https:\/\/site.cl-electronics.com\/de\/loesungen\/loesungen-von-cl-electronics\/modbus-gateway\/\",\"url\":\"https:\/\/site.cl-electronics.com\/de\/loesungen\/loesungen-von-cl-electronics\/modbus-gateway\/\",\"name\":\"Modbus Gateway - CL Electronics\",\"isPartOf\":{\"@id\":\"https:\/\/cle.e-clectic.ch\/#website\"},\"primaryImageOfPage\":{\"@id\":\"https:\/\/site.cl-electronics.com\/de\/loesungen\/loesungen-von-cl-electronics\/modbus-gateway\/#primaryimage\"},\"image\":{\"@id\":\"https:\/\/site.cl-electronics.com\/de\/loesungen\/loesungen-von-cl-electronics\/modbus-gateway\/#primaryimage\"},\"thumbnailUrl\":\"https:\/\/site.cl-electronics.com\/wp-content\/uploads\/2024\/11\/modBus-Gateway-1.png\",\"datePublished\":\"2024-11-27T07:24:19+00:00\",\"dateModified\":\"2025-03-07T12:07:54+00:00\",\"breadcrumb\":{\"@id\":\"https:\/\/site.cl-electronics.com\/de\/loesungen\/loesungen-von-cl-electronics\/modbus-gateway\/#breadcrumb\"},\"inLanguage\":\"de\",\"potentialAction\":[{\"@type\":\"ReadAction\",\"target\":[\"https:\/\/site.cl-electronics.com\/de\/loesungen\/loesungen-von-cl-electronics\/modbus-gateway\/\"]}]},{\"@type\":\"ImageObject\",\"inLanguage\":\"de\",\"@id\":\"https:\/\/site.cl-electronics.com\/de\/loesungen\/loesungen-von-cl-electronics\/modbus-gateway\/#primaryimage\",\"url\":\"https:\/\/site.cl-electronics.com\/wp-content\/uploads\/2024\/11\/modBus-Gateway-1.png\",\"contentUrl\":\"https:\/\/site.cl-electronics.com\/wp-content\/uploads\/2024\/11\/modBus-Gateway-1.png\",\"width\":400,\"height\":327},{\"@type\":\"BreadcrumbList\",\"@id\":\"https:\/\/site.cl-electronics.com\/de\/loesungen\/loesungen-von-cl-electronics\/modbus-gateway\/#breadcrumb\",\"itemListElement\":[{\"@type\":\"ListItem\",\"position\":1,\"name\":\"Home\",\"item\":\"https:\/\/site.cl-electronics.com\/de\/startseite\/\"},{\"@type\":\"ListItem\",\"position\":2,\"name\":\"L\u00f6sungen\",\"item\":\"https:\/\/site.cl-electronics.com\/de\/loesungen\/\"},{\"@type\":\"ListItem\",\"position\":3,\"name\":\"L\u00f6sungen von CL-Electronics\",\"item\":\"https:\/\/site.cl-electronics.com\/de\/loesungen\/loesungen-von-cl-electronics\/\"},{\"@type\":\"ListItem\",\"position\":4,\"name\":\"Modbus Gateway\"}]},{\"@type\":\"WebSite\",\"@id\":\"https:\/\/cle.e-clectic.ch\/#website\",\"url\":\"https:\/\/cle.e-clectic.ch\/\",\"name\":\"CL Electronics\",\"description\":\"\",\"publisher\":{\"@id\":\"https:\/\/cle.e-clectic.ch\/#organization\"},\"potentialAction\":[{\"@type\":\"SearchAction\",\"target\":{\"@type\":\"EntryPoint\",\"urlTemplate\":\"https:\/\/cle.e-clectic.ch\/?s={search_term_string}\"},\"query-input\":{\"@type\":\"PropertyValueSpecification\",\"valueRequired\":true,\"valueName\":\"search_term_string\"}}],\"inLanguage\":\"de\"},{\"@type\":\"Organization\",\"@id\":\"https:\/\/cle.e-clectic.ch\/#organization\",\"name\":\"CL Electronics\",\"url\":\"https:\/\/cle.e-clectic.ch\/\",\"logo\":{\"@type\":\"ImageObject\",\"inLanguage\":\"de\",\"@id\":\"https:\/\/cle.e-clectic.ch\/#\/schema\/logo\/image\/\",\"url\":\"https:\/\/site.cl-electronics.com\/wp-content\/uploads\/2024\/09\/CL_Electronics_blu.png\",\"contentUrl\":\"https:\/\/site.cl-electronics.com\/wp-content\/uploads\/2024\/09\/CL_Electronics_blu.png\",\"width\":480,\"height\":273,\"caption\":\"CL Electronics\"},\"image\":{\"@id\":\"https:\/\/cle.e-clectic.ch\/#\/schema\/logo\/image\/\"}}]}<\/script>\n<!-- \/ Yoast SEO plugin. -->","yoast_head_json":{"title":"Modbus Gateway - CL Electronics","robots":{"index":"index","follow":"follow","max-snippet":"max-snippet:-1","max-image-preview":"max-image-preview:large","max-video-preview":"max-video-preview:-1"},"canonical":"https:\/\/site.cl-electronics.com\/de\/loesungen\/loesungen-von-cl-electronics\/modbus-gateway\/","og_locale":"de_DE","og_type":"article","og_title":"Modbus Gateway - CL Electronics","og_description":"Home \/ KONTAKT In der Geb\u00e4udeautomation ist es aus Sicherheitsgr\u00fcnden wichtig, die Kontrolle und den \u00dcberblick \u00fcber die gesamte installierte Basis wie Feuerl\u00f6sch-, Luft-, Temperatur-...","og_url":"https:\/\/site.cl-electronics.com\/de\/loesungen\/loesungen-von-cl-electronics\/modbus-gateway\/","og_site_name":"CL Electronics","article_modified_time":"2025-03-07T12:07:54+00:00","og_image":[{"width":400,"height":327,"url":"https:\/\/cle.e-clectic.ch\/wp-content\/uploads\/2024\/11\/modBus-Gateway-1.png","type":"image\/png"}],"twitter_card":"summary_large_image","twitter_misc":{"Gesch\u00e4tzte Lesezeit":"1\u00a0Minute"},"schema":{"@context":"https:\/\/schema.org","@graph":[{"@type":"WebPage","@id":"https:\/\/site.cl-electronics.com\/de\/loesungen\/loesungen-von-cl-electronics\/modbus-gateway\/","url":"https:\/\/site.cl-electronics.com\/de\/loesungen\/loesungen-von-cl-electronics\/modbus-gateway\/","name":"Modbus Gateway - CL Electronics","isPartOf":{"@id":"https:\/\/cle.e-clectic.ch\/#website"},"primaryImageOfPage":{"@id":"https:\/\/site.cl-electronics.com\/de\/loesungen\/loesungen-von-cl-electronics\/modbus-gateway\/#primaryimage"},"image":{"@id":"https:\/\/site.cl-electronics.com\/de\/loesungen\/loesungen-von-cl-electronics\/modbus-gateway\/#primaryimage"},"thumbnailUrl":"https:\/\/site.cl-electronics.com\/wp-content\/uploads\/2024\/11\/modBus-Gateway-1.png","datePublished":"2024-11-27T07:24:19+00:00","dateModified":"2025-03-07T12:07:54+00:00","breadcrumb":{"@id":"https:\/\/site.cl-electronics.com\/de\/loesungen\/loesungen-von-cl-electronics\/modbus-gateway\/#breadcrumb"},"inLanguage":"de","potentialAction":[{"@type":"ReadAction","target":["https:\/\/site.cl-electronics.com\/de\/loesungen\/loesungen-von-cl-electronics\/modbus-gateway\/"]}]},{"@type":"ImageObject","inLanguage":"de","@id":"https:\/\/site.cl-electronics.com\/de\/loesungen\/loesungen-von-cl-electronics\/modbus-gateway\/#primaryimage","url":"https:\/\/site.cl-electronics.com\/wp-content\/uploads\/2024\/11\/modBus-Gateway-1.png","contentUrl":"https:\/\/site.cl-electronics.com\/wp-content\/uploads\/2024\/11\/modBus-Gateway-1.png","width":400,"height":327},{"@type":"BreadcrumbList","@id":"https:\/\/site.cl-electronics.com\/de\/loesungen\/loesungen-von-cl-electronics\/modbus-gateway\/#breadcrumb","itemListElement":[{"@type":"ListItem","position":1,"name":"Home","item":"https:\/\/site.cl-electronics.com\/de\/startseite\/"},{"@type":"ListItem","position":2,"name":"L\u00f6sungen","item":"https:\/\/site.cl-electronics.com\/de\/loesungen\/"},{"@type":"ListItem","position":3,"name":"L\u00f6sungen von CL-Electronics","item":"https:\/\/site.cl-electronics.com\/de\/loesungen\/loesungen-von-cl-electronics\/"},{"@type":"ListItem","position":4,"name":"Modbus Gateway"}]},{"@type":"WebSite","@id":"https:\/\/cle.e-clectic.ch\/#website","url":"https:\/\/cle.e-clectic.ch\/","name":"CL Electronics","description":"","publisher":{"@id":"https:\/\/cle.e-clectic.ch\/#organization"},"potentialAction":[{"@type":"SearchAction","target":{"@type":"EntryPoint","urlTemplate":"https:\/\/cle.e-clectic.ch\/?s={search_term_string}"},"query-input":{"@type":"PropertyValueSpecification","valueRequired":true,"valueName":"search_term_string"}}],"inLanguage":"de"},{"@type":"Organization","@id":"https:\/\/cle.e-clectic.ch\/#organization","name":"CL Electronics","url":"https:\/\/cle.e-clectic.ch\/","logo":{"@type":"ImageObject","inLanguage":"de","@id":"https:\/\/cle.e-clectic.ch\/#\/schema\/logo\/image\/","url":"https:\/\/site.cl-electronics.com\/wp-content\/uploads\/2024\/09\/CL_Electronics_blu.png","contentUrl":"https:\/\/site.cl-electronics.com\/wp-content\/uploads\/2024\/09\/CL_Electronics_blu.png","width":480,"height":273,"caption":"CL Electronics"},"image":{"@id":"https:\/\/cle.e-clectic.ch\/#\/schema\/logo\/image\/"}}]}},"_links":{"self":[{"href":"https:\/\/site.cl-electronics.com\/de\/wp-json\/wp\/v2\/pages\/4243","targetHints":{"allow":["GET"]}}],"collection":[{"href":"https:\/\/site.cl-electronics.com\/de\/wp-json\/wp\/v2\/pages"}],"about":[{"href":"https:\/\/site.cl-electronics.com\/de\/wp-json\/wp\/v2\/types\/page"}],"author":[{"embeddable":true,"href":"https:\/\/site.cl-electronics.com\/de\/wp-json\/wp\/v2\/users\/1"}],"replies":[{"embeddable":true,"href":"https:\/\/site.cl-electronics.com\/de\/wp-json\/wp\/v2\/comments?post=4243"}],"version-history":[{"count":2,"href":"https:\/\/site.cl-electronics.com\/de\/wp-json\/wp\/v2\/pages\/4243\/revisions"}],"predecessor-version":[{"id":5243,"href":"https:\/\/site.cl-electronics.com\/de\/wp-json\/wp\/v2\/pages\/4243\/revisions\/5243"}],"up":[{"embeddable":true,"href":"https:\/\/site.cl-electronics.com\/de\/wp-json\/wp\/v2\/pages\/4162"}],"wp:featuredmedia":[{"embeddable":true,"href":"https:\/\/site.cl-electronics.com\/de\/wp-json\/wp\/v2\/media\/3698"}],"wp:attachment":[{"href":"https:\/\/site.cl-electronics.com\/de\/wp-json\/wp\/v2\/media?parent=4243"}],"wp:term":[{"taxonomy":"category","embeddable":true,"href":"https:\/\/site.cl-electronics.com\/de\/wp-json\/wp\/v2\/categories?post=4243"},{"taxonomy":"post_tag","embeddable":true,"href":"https:\/\/site.cl-electronics.com\/de\/wp-json\/wp\/v2\/tags?post=4243"}],"curies":[{"name":"wp","href":"https:\/\/api.w.org\/{rel}","templated":true}]}}