{"id":4241,"date":"2024-11-25T11:16:33","date_gmt":"2024-11-25T10:16:33","guid":{"rendered":"https:\/\/cle.e-clectic.ch\/loesungen\/loesungen-von-cl-electronics\/kamera-manager\/"},"modified":"2025-03-07T13:08:01","modified_gmt":"2025-03-07T12:08:01","slug":"kamera-manager","status":"publish","type":"page","link":"https:\/\/site.cl-electronics.com\/de\/loesungen\/loesungen-von-cl-electronics\/kamera-manager\/","title":{"rendered":"Kamera-Manager"},"content":{"rendered":"\t\t<div data-elementor-type=\"wp-page\" data-elementor-id=\"4241\" class=\"elementor elementor-4241 elementor-2966\" data-elementor-post-type=\"page\">\n\t\t\t\t<div class=\"elementor-element elementor-element-e6c0e3a e-flex e-con-boxed wpr-particle-no wpr-jarallax-no wpr-parallax-no wpr-sticky-section-no e-con e-parent\" data-id=\"e6c0e3a\" data-element_type=\"container\">\n\t\t\t\t\t<div class=\"e-con-inner\">\n\t\t\t\t<div class=\"elementor-element elementor-element-a9148a6 elementor-widget elementor-widget-wpr-breadcrumbs-pro\" data-id=\"a9148a6\" data-element_type=\"widget\" data-widget_type=\"wpr-breadcrumbs-pro.default\">\n\t\t\t\t<div class=\"elementor-widget-container\">\n\t\t\t\t\t<div class=\"wpr-post-breadcrumbs\"><ul class=\"wpr-breadcrumbs\"><li><a href=\"https:\/\/site.cl-electronics.com\/de\/\">Startseite<\/a><\/li><li>\/<\/li><li>Kamera-Manager<\/li><\/ul><\/div>\t\t\t\t<\/div>\n\t\t\t\t<\/div>\n\t\t\t\t<div class=\"elementor-element elementor-element-97dc89b elementor-widget-divider--view-line elementor-widget elementor-widget-divider\" data-id=\"97dc89b\" data-element_type=\"widget\" data-widget_type=\"divider.default\">\n\t\t\t\t<div class=\"elementor-widget-container\">\n\t\t\t\t\t\t\t<div class=\"elementor-divider\">\n\t\t\t<span class=\"elementor-divider-separator\">\n\t\t\t\t\t\t<\/span>\n\t\t<\/div>\n\t\t\t\t\t\t<\/div>\n\t\t\t\t<\/div>\n\t\t\t\t\t<\/div>\n\t\t\t\t<\/div>\n\t\t<div class=\"elementor-element elementor-element-7b59047 e-con-full e-flex wpr-particle-no wpr-jarallax-no wpr-parallax-no wpr-sticky-section-no e-con e-parent\" data-id=\"7b59047\" data-element_type=\"container\">\n\t\t<div class=\"elementor-element elementor-element-a66d62a e-con-full e-flex wpr-particle-no wpr-jarallax-no wpr-parallax-no wpr-sticky-section-no e-con e-child\" data-id=\"a66d62a\" data-element_type=\"container\">\n\t\t\t\t<div class=\"elementor-element elementor-element-c1b05c6 elementor-widget__width-initial elementor-widget elementor-widget-image\" data-id=\"c1b05c6\" data-element_type=\"widget\" data-widget_type=\"image.default\">\n\t\t\t\t<div class=\"elementor-widget-container\">\n\t\t\t\t\t\t\t\t\t\t\t\t\t\t\t<img fetchpriority=\"high\" decoding=\"async\" width=\"302\" height=\"256\" src=\"https:\/\/site.cl-electronics.com\/wp-content\/uploads\/2024\/11\/CameraManager-1.png\" class=\"attachment-large size-large wp-image-2968\" alt=\"\" srcset=\"https:\/\/site.cl-electronics.com\/wp-content\/uploads\/2024\/11\/CameraManager-1.png 302w, https:\/\/site.cl-electronics.com\/wp-content\/uploads\/2024\/11\/CameraManager-1-300x254.png 300w\" sizes=\"(max-width: 302px) 100vw, 302px\" \/>\t\t\t\t\t\t\t\t\t\t\t\t\t\t\t<\/div>\n\t\t\t\t<\/div>\n\t\t\t\t<div class=\"elementor-element elementor-element-fce036a elementor-widget__width-auto elementor-absolute elementor-widget elementor-widget-button\" data-id=\"fce036a\" data-element_type=\"widget\" data-settings=\"{&quot;_position&quot;:&quot;absolute&quot;}\" data-widget_type=\"button.default\">\n\t\t\t\t<div class=\"elementor-widget-container\">\n\t\t\t\t\t\t\t\t\t<div class=\"elementor-button-wrapper\">\n\t\t\t\t\t<a class=\"elementor-button elementor-button-link elementor-size-sm\" href=\"https:\/\/cle.e-clectic.ch\/de\/kontakte\/\">\n\t\t\t\t\t\t<span class=\"elementor-button-content-wrapper\">\n\t\t\t\t\t\t\t\t\t<span class=\"elementor-button-text\">KONTAKT<\/span>\n\t\t\t\t\t<\/span>\n\t\t\t\t\t<\/a>\n\t\t\t\t<\/div>\n\t\t\t\t\t\t\t\t<\/div>\n\t\t\t\t<\/div>\n\t\t\t\t<div class=\"elementor-element elementor-element-cf153df elementor-widget__width-initial elementor-widget elementor-widget-text-editor\" data-id=\"cf153df\" data-element_type=\"widget\" data-widget_type=\"text-editor.default\">\n\t\t\t\t<div class=\"elementor-widget-container\">\n\t\t\t\t\t\t\t\t\t<p>Mit der CLE Camera Manager App k\u00f6nnen Sie die Anwendungen unserer iDS uEye Kameras auch ohne Erfahrung voll ausnutzen. Unsere App macht Ihnen die Bedienung leicht und erm\u00f6glicht es auch Unge\u00fcbten, visuelle Inspektionen von Objekten durchzuf\u00fchren. Wenn Sie f\u00fcr Ihre hochpr\u00e4zise Anwendung eine einfache Bedienung ben\u00f6tigen, ist unser CLE Camera Manger das richtige Werkzeug f\u00fcr Sie!<\/p>\n\t\t\t\t\t\t\t\t<\/div>\n\t\t\t\t<\/div>\n\t\t\t\t<div class=\"elementor-element elementor-element-f3efa1a square e-n-tabs-mobile elementor-widget elementor-widget-n-tabs\" data-id=\"f3efa1a\" data-element_type=\"widget\" data-settings=\"{&quot;tabs_justify_horizontal&quot;:&quot;start&quot;,&quot;horizontal_scroll&quot;:&quot;disable&quot;}\" data-widget_type=\"nested-tabs.default\">\n\t\t\t\t<div class=\"elementor-widget-container\">\n\t\t\t\t\t\t\t<div class=\"e-n-tabs\" data-widget-number=\"255785498\" aria-label=\"Tabs. Open items with Enter or Space, close with Escape and navigate using the Arrow keys.\">\n\t\t\t<div class=\"e-n-tabs-heading\" role=\"tablist\">\n\t\t\t\t\t<button id=\"e-n-tab-title-2557854981\" class=\"e-n-tab-title\" aria-selected=\"true\" data-tab-index=\"1\" role=\"tab\" tabindex=\"0\" aria-controls=\"e-n-tab-content-2557854981\" style=\"--n-tabs-title-order: 1;\">\n\t\t\t\t\t\t<span class=\"e-n-tab-title-text\">\n\t\t\t\tFEATURES\t\t\t<\/span>\n\t\t<\/button>\n\t\t\t\t<button id=\"e-n-tab-title-2557854982\" class=\"e-n-tab-title\" aria-selected=\"false\" data-tab-index=\"2\" role=\"tab\" tabindex=\"-1\" aria-controls=\"e-n-tab-content-2557854982\" style=\"--n-tabs-title-order: 2;\">\n\t\t\t\t\t\t<span class=\"e-n-tab-title-text\">\n\t\t\t\tANWENDUNGSBEREICHE\t\t\t<\/span>\n\t\t<\/button>\n\t\t\t\t\t<\/div>\n\t\t\t<div class=\"e-n-tabs-content\">\n\t\t\t\t<div id=\"e-n-tab-content-2557854981\" role=\"tabpanel\" aria-labelledby=\"e-n-tab-title-2557854981\" data-tab-index=\"1\" style=\"--n-tabs-title-order: 1;\" class=\"e-active elementor-element elementor-element-8304144 e-con-full e-flex wpr-particle-no wpr-jarallax-no wpr-parallax-no wpr-sticky-section-no e-con e-child\" data-id=\"8304144\" data-element_type=\"container\">\n\t\t\t\t<div class=\"elementor-element elementor-element-921c363 elementor-widget elementor-widget-text-editor\" data-id=\"921c363\" data-element_type=\"widget\" data-widget_type=\"text-editor.default\">\n\t\t\t\t<div class=\"elementor-widget-container\">\n\t\t\t\t\t\t\t\t\t<ul>\n<li>Einstellungen speichern und laden<\/li>\n<li>Verwalten Sie Helligkeit, Kontrast und Bildrate der Kamera<\/li>\n<li>Farbeinstellungen \u00e4ndern<\/li>\n<li>Aktivieren Sie das Fadenkreuz auf dem Bildschirm<\/li>\n<li>Videoclips speichern<\/li>\n<\/ul>\n<p>Diese Anwendung funktioniert mit iSD uEye USB-Kameras<\/p>\n\t\t\t\t\t\t\t\t<\/div>\n\t\t\t\t<\/div>\n\t\t\t\t<\/div>\n\t\t<div id=\"e-n-tab-content-2557854982\" role=\"tabpanel\" aria-labelledby=\"e-n-tab-title-2557854982\" data-tab-index=\"2\" style=\"--n-tabs-title-order: 2;\" class=\" elementor-element elementor-element-2c871d1 square e-flex e-con-boxed wpr-particle-no wpr-jarallax-no wpr-parallax-no wpr-sticky-section-no e-con e-child\" data-id=\"2c871d1\" data-element_type=\"container\">\n\t\t\t\t\t<div class=\"e-con-inner\">\n\t\t\t\t<div class=\"elementor-element elementor-element-14af061 elementor-widget elementor-widget-text-editor\" data-id=\"14af061\" data-element_type=\"widget\" data-widget_type=\"text-editor.default\">\n\t\t\t\t<div class=\"elementor-widget-container\">\n\t\t\t\t\t\t\t\t\t<ul>\n<li>Eisenbahngesch\u00e4ft<\/li>\n<li>3D-Roboter-Kommissionierung<\/li>\n<li>Umgang mit Lebensmitteln<\/li>\n<li>Qualit\u00e4tskontrolle f\u00fcr Automative<\/li>\n<li>Qualit\u00e4tskontrolle in der Elektronikproduktion<\/li>\n<li>Medizinische Ger\u00e4te der Klasse 3<\/li>\n<li>Medizinische Ger\u00e4te der Klasse 2<\/li>\n<li>Pharma<\/li>\n<li>Steuerung des Logistik-Workflows<\/li>\n<li>City Access Management<\/li>\n<li>Kontrolle des Parkplatzes<\/li>\n<li>Entsorgungsstellen<\/li>\n<li>Tankstellen<\/li>\n<\/ul>\n\t\t\t\t\t\t\t\t<\/div>\n\t\t\t\t<\/div>\n\t\t\t\t\t<\/div>\n\t\t\t\t<\/div>\n\t\t\t\t\t<\/div>\n\t\t<\/div>\n\t\t\t\t\t\t<\/div>\n\t\t\t\t<\/div>\n\t\t\t\t<div class=\"elementor-element elementor-element-db9cf48 elementor-widget__width-inherit elementor-widget elementor-widget-button\" data-id=\"db9cf48\" data-element_type=\"widget\" data-widget_type=\"button.default\">\n\t\t\t\t<div class=\"elementor-widget-container\">\n\t\t\t\t\t\t\t\t\t<div class=\"elementor-button-wrapper\">\n\t\t\t\t\t<a class=\"elementor-button elementor-button-link elementor-size-sm\" href=\"https:\/\/cle.e-clectic.ch\/de\/kontakte\/\">\n\t\t\t\t\t\t<span class=\"elementor-button-content-wrapper\">\n\t\t\t\t\t\t\t\t\t<span class=\"elementor-button-text\">KONTAKT<\/span>\n\t\t\t\t\t<\/span>\n\t\t\t\t\t<\/a>\n\t\t\t\t<\/div>\n\t\t\t\t\t\t\t\t<\/div>\n\t\t\t\t<\/div>\n\t\t\t\t<\/div>\n\t\t<div class=\"elementor-element elementor-element-0b35a84 e-con-full e-flex wpr-particle-no wpr-jarallax-no wpr-parallax-no wpr-sticky-section-no e-con e-child\" data-id=\"0b35a84\" data-element_type=\"container\">\n\t\t\t\t<div class=\"elementor-element elementor-element-5ffceb3 elementor-widget elementor-widget-text-editor\" data-id=\"5ffceb3\" data-element_type=\"widget\" data-widget_type=\"text-editor.default\">\n\t\t\t\t<div class=\"elementor-widget-container\">\n\t\t\t\t\t\t\t\t\t<h5><a href=\"https:\/\/cle.e-clectic.ch\/de\/loesungen\/loesungen-von-cl-electronics\/\"><strong>L\u00f6sungen von CL Electronics<\/strong><\/a><\/h5>\n\t\t\t\t\t\t\t\t<\/div>\n\t\t\t\t<\/div>\n\t\t\t\t<div class=\"elementor-element elementor-element-d16bab7 elementor-widget__width-initial elementor-nav-menu--dropdown-tablet elementor-nav-menu__text-align-aside elementor-nav-menu--toggle elementor-nav-menu--burger elementor-widget elementor-widget-nav-menu\" data-id=\"d16bab7\" data-element_type=\"widget\" data-settings=\"{&quot;layout&quot;:&quot;vertical&quot;,&quot;submenu_icon&quot;:{&quot;value&quot;:&quot;&lt;svg class=\\&quot;e-font-icon-svg e-fas-caret-down\\&quot; viewBox=\\&quot;0 0 320 512\\&quot; xmlns=\\&quot;http:\\\/\\\/www.w3.org\\\/2000\\\/svg\\&quot;&gt;&lt;path d=\\&quot;M31.3 192h257.3c17.8 0 26.7 21.5 14.1 34.1L174.1 354.8c-7.8 7.8-20.5 7.8-28.3 0L17.2 226.1C4.6 213.5 13.5 192 31.3 192z\\&quot;&gt;&lt;\\\/path&gt;&lt;\\\/svg&gt;&quot;,&quot;library&quot;:&quot;fa-solid&quot;},&quot;toggle&quot;:&quot;burger&quot;}\" data-widget_type=\"nav-menu.default\">\n\t\t\t\t<div class=\"elementor-widget-container\">\n\t\t\t\t\t\t\t\t<nav aria-label=\"Solutions\" class=\"elementor-nav-menu--main elementor-nav-menu__container elementor-nav-menu--layout-vertical e--pointer-underline e--animation-fade\">\n\t\t\t\t<ul id=\"menu-1-d16bab7\" class=\"elementor-nav-menu sm-vertical\"><li class=\"menu-item menu-item-type-post_type menu-item-object-page menu-item-4402\"><a href=\"https:\/\/site.cl-electronics.com\/de\/loesungen\/loesungen-von-cl-electronics\/modbus-gateway\/\" class=\"elementor-item\">Modbus Gateway<\/a><\/li>\n<li class=\"menu-item menu-item-type-post_type menu-item-object-page menu-item-4403\"><a href=\"https:\/\/site.cl-electronics.com\/de\/loesungen\/loesungen-von-cl-electronics\/wob\/\" class=\"elementor-item\">WoB<\/a><\/li>\n<li class=\"menu-item menu-item-type-post_type menu-item-object-page menu-item-4404\"><a href=\"https:\/\/site.cl-electronics.com\/de\/loesungen\/loesungen-von-cl-electronics\/kamera-manager\/\" class=\"elementor-item\">Kamera-Manager<\/a><\/li>\n<\/ul>\t\t\t<\/nav>\n\t\t\t\t\t<div class=\"elementor-menu-toggle\" role=\"button\" tabindex=\"0\" aria-label=\"Men\u00fc Umschalter\" aria-expanded=\"false\">\n\t\t\t<svg aria-hidden=\"true\" role=\"presentation\" class=\"elementor-menu-toggle__icon--open e-font-icon-svg e-eicon-menu-bar\" viewBox=\"0 0 1000 1000\" xmlns=\"http:\/\/www.w3.org\/2000\/svg\"><path d=\"M104 333H896C929 333 958 304 958 271S929 208 896 208H104C71 208 42 237 42 271S71 333 104 333ZM104 583H896C929 583 958 554 958 521S929 458 896 458H104C71 458 42 487 42 521S71 583 104 583ZM104 833H896C929 833 958 804 958 771S929 708 896 708H104C71 708 42 737 42 771S71 833 104 833Z\"><\/path><\/svg><svg aria-hidden=\"true\" role=\"presentation\" class=\"elementor-menu-toggle__icon--close e-font-icon-svg e-eicon-close\" viewBox=\"0 0 1000 1000\" xmlns=\"http:\/\/www.w3.org\/2000\/svg\"><path d=\"M742 167L500 408 258 167C246 154 233 150 217 150 196 150 179 158 167 167 154 179 150 196 150 212 150 229 154 242 171 254L408 500 167 742C138 771 138 800 167 829 196 858 225 858 254 829L496 587 738 829C750 842 767 846 783 846 800 846 817 842 829 829 842 817 846 804 846 783 846 767 842 750 829 737L588 500 833 258C863 229 863 200 833 171 804 137 775 137 742 167Z\"><\/path><\/svg>\t\t\t<span class=\"elementor-screen-only\">Men\u00fc<\/span>\n\t\t<\/div>\n\t\t\t\t\t<nav class=\"elementor-nav-menu--dropdown elementor-nav-menu__container\" aria-hidden=\"true\">\n\t\t\t\t<ul id=\"menu-2-d16bab7\" class=\"elementor-nav-menu sm-vertical\"><li class=\"menu-item menu-item-type-post_type menu-item-object-page menu-item-4402\"><a href=\"https:\/\/site.cl-electronics.com\/de\/loesungen\/loesungen-von-cl-electronics\/modbus-gateway\/\" class=\"elementor-item\" tabindex=\"-1\">Modbus Gateway<\/a><\/li>\n<li class=\"menu-item menu-item-type-post_type menu-item-object-page menu-item-4403\"><a href=\"https:\/\/site.cl-electronics.com\/de\/loesungen\/loesungen-von-cl-electronics\/wob\/\" class=\"elementor-item\" tabindex=\"-1\">WoB<\/a><\/li>\n<li class=\"menu-item menu-item-type-post_type menu-item-object-page menu-item-4404\"><a href=\"https:\/\/site.cl-electronics.com\/de\/loesungen\/loesungen-von-cl-electronics\/kamera-manager\/\" class=\"elementor-item\" tabindex=\"-1\">Kamera-Manager<\/a><\/li>\n<\/ul>\t\t\t<\/nav>\n\t\t\t\t\t\t<\/div>\n\t\t\t\t<\/div>\n\t\t\t\t<\/div>\n\t\t\t\t<\/div>\n\t\t\t\t<\/div>\n\t\t","protected":false},"excerpt":{"rendered":"<p>Home \/ KONTAKT Mit der CLE Camera Manager App k\u00f6nnen Sie die Anwendungen unserer iDS uEye Kameras auch ohne Erfahrung voll ausnutzen. Unsere App macht&#8230;<\/p>\n","protected":false},"author":1,"featured_media":3697,"parent":4162,"menu_order":0,"comment_status":"closed","ping_status":"closed","template":"","meta":{"inline_featured_image":false,"footnotes":""},"categories":[],"tags":[],"class_list":["post-4241","page","type-page","status-publish","has-post-thumbnail","hentry"],"yoast_head":"<!-- This site is optimized with the Yoast SEO plugin v24.1 - https:\/\/yoast.com\/wordpress\/plugins\/seo\/ -->\n<title>Kamera-Manager - CL Electronics<\/title>\n<meta name=\"robots\" content=\"index, follow, max-snippet:-1, max-image-preview:large, max-video-preview:-1\" \/>\n<link rel=\"canonical\" href=\"https:\/\/site.cl-electronics.com\/de\/loesungen\/loesungen-von-cl-electronics\/kamera-manager\/\" \/>\n<meta property=\"og:locale\" content=\"de_DE\" \/>\n<meta property=\"og:type\" content=\"article\" \/>\n<meta property=\"og:title\" content=\"Kamera-Manager - CL Electronics\" \/>\n<meta property=\"og:description\" content=\"Home \/ KONTAKT Mit der CLE Camera Manager App k\u00f6nnen Sie die Anwendungen unserer iDS uEye Kameras auch ohne Erfahrung voll ausnutzen. Unsere App macht...\" \/>\n<meta property=\"og:url\" content=\"https:\/\/site.cl-electronics.com\/de\/loesungen\/loesungen-von-cl-electronics\/kamera-manager\/\" \/>\n<meta property=\"og:site_name\" content=\"CL Electronics\" \/>\n<meta property=\"article:modified_time\" content=\"2025-03-07T12:08:01+00:00\" \/>\n<meta property=\"og:image\" content=\"https:\/\/cle.e-clectic.ch\/wp-content\/uploads\/2024\/11\/CameraManager-2.png\" \/>\n\t<meta property=\"og:image:width\" content=\"400\" \/>\n\t<meta property=\"og:image:height\" content=\"327\" \/>\n\t<meta property=\"og:image:type\" content=\"image\/png\" \/>\n<meta name=\"twitter:card\" content=\"summary_large_image\" \/>\n<meta name=\"twitter:label1\" content=\"Gesch\u00e4tzte Lesezeit\" \/>\n\t<meta name=\"twitter:data1\" content=\"2\u00a0Minuten\" \/>\n<script type=\"application\/ld+json\" class=\"yoast-schema-graph\">{\"@context\":\"https:\/\/schema.org\",\"@graph\":[{\"@type\":\"WebPage\",\"@id\":\"https:\/\/site.cl-electronics.com\/de\/loesungen\/loesungen-von-cl-electronics\/kamera-manager\/\",\"url\":\"https:\/\/site.cl-electronics.com\/de\/loesungen\/loesungen-von-cl-electronics\/kamera-manager\/\",\"name\":\"Kamera-Manager - CL Electronics\",\"isPartOf\":{\"@id\":\"https:\/\/cle.e-clectic.ch\/#website\"},\"primaryImageOfPage\":{\"@id\":\"https:\/\/site.cl-electronics.com\/de\/loesungen\/loesungen-von-cl-electronics\/kamera-manager\/#primaryimage\"},\"image\":{\"@id\":\"https:\/\/site.cl-electronics.com\/de\/loesungen\/loesungen-von-cl-electronics\/kamera-manager\/#primaryimage\"},\"thumbnailUrl\":\"https:\/\/site.cl-electronics.com\/wp-content\/uploads\/2024\/11\/CameraManager-2.png\",\"datePublished\":\"2024-11-25T10:16:33+00:00\",\"dateModified\":\"2025-03-07T12:08:01+00:00\",\"breadcrumb\":{\"@id\":\"https:\/\/site.cl-electronics.com\/de\/loesungen\/loesungen-von-cl-electronics\/kamera-manager\/#breadcrumb\"},\"inLanguage\":\"de\",\"potentialAction\":[{\"@type\":\"ReadAction\",\"target\":[\"https:\/\/site.cl-electronics.com\/de\/loesungen\/loesungen-von-cl-electronics\/kamera-manager\/\"]}]},{\"@type\":\"ImageObject\",\"inLanguage\":\"de\",\"@id\":\"https:\/\/site.cl-electronics.com\/de\/loesungen\/loesungen-von-cl-electronics\/kamera-manager\/#primaryimage\",\"url\":\"https:\/\/site.cl-electronics.com\/wp-content\/uploads\/2024\/11\/CameraManager-2.png\",\"contentUrl\":\"https:\/\/site.cl-electronics.com\/wp-content\/uploads\/2024\/11\/CameraManager-2.png\",\"width\":400,\"height\":327},{\"@type\":\"BreadcrumbList\",\"@id\":\"https:\/\/site.cl-electronics.com\/de\/loesungen\/loesungen-von-cl-electronics\/kamera-manager\/#breadcrumb\",\"itemListElement\":[{\"@type\":\"ListItem\",\"position\":1,\"name\":\"Home\",\"item\":\"https:\/\/site.cl-electronics.com\/de\/startseite\/\"},{\"@type\":\"ListItem\",\"position\":2,\"name\":\"L\u00f6sungen\",\"item\":\"https:\/\/site.cl-electronics.com\/de\/loesungen\/\"},{\"@type\":\"ListItem\",\"position\":3,\"name\":\"L\u00f6sungen von CL-Electronics\",\"item\":\"https:\/\/site.cl-electronics.com\/de\/loesungen\/loesungen-von-cl-electronics\/\"},{\"@type\":\"ListItem\",\"position\":4,\"name\":\"Kamera-Manager\"}]},{\"@type\":\"WebSite\",\"@id\":\"https:\/\/cle.e-clectic.ch\/#website\",\"url\":\"https:\/\/cle.e-clectic.ch\/\",\"name\":\"CL Electronics\",\"description\":\"\",\"publisher\":{\"@id\":\"https:\/\/cle.e-clectic.ch\/#organization\"},\"potentialAction\":[{\"@type\":\"SearchAction\",\"target\":{\"@type\":\"EntryPoint\",\"urlTemplate\":\"https:\/\/cle.e-clectic.ch\/?s={search_term_string}\"},\"query-input\":{\"@type\":\"PropertyValueSpecification\",\"valueRequired\":true,\"valueName\":\"search_term_string\"}}],\"inLanguage\":\"de\"},{\"@type\":\"Organization\",\"@id\":\"https:\/\/cle.e-clectic.ch\/#organization\",\"name\":\"CL Electronics\",\"url\":\"https:\/\/cle.e-clectic.ch\/\",\"logo\":{\"@type\":\"ImageObject\",\"inLanguage\":\"de\",\"@id\":\"https:\/\/cle.e-clectic.ch\/#\/schema\/logo\/image\/\",\"url\":\"https:\/\/site.cl-electronics.com\/wp-content\/uploads\/2024\/09\/CL_Electronics_blu.png\",\"contentUrl\":\"https:\/\/site.cl-electronics.com\/wp-content\/uploads\/2024\/09\/CL_Electronics_blu.png\",\"width\":480,\"height\":273,\"caption\":\"CL Electronics\"},\"image\":{\"@id\":\"https:\/\/cle.e-clectic.ch\/#\/schema\/logo\/image\/\"}}]}<\/script>\n<!-- \/ Yoast SEO plugin. -->","yoast_head_json":{"title":"Kamera-Manager - CL Electronics","robots":{"index":"index","follow":"follow","max-snippet":"max-snippet:-1","max-image-preview":"max-image-preview:large","max-video-preview":"max-video-preview:-1"},"canonical":"https:\/\/site.cl-electronics.com\/de\/loesungen\/loesungen-von-cl-electronics\/kamera-manager\/","og_locale":"de_DE","og_type":"article","og_title":"Kamera-Manager - CL Electronics","og_description":"Home \/ KONTAKT Mit der CLE Camera Manager App k\u00f6nnen Sie die Anwendungen unserer iDS uEye Kameras auch ohne Erfahrung voll ausnutzen. Unsere App macht...","og_url":"https:\/\/site.cl-electronics.com\/de\/loesungen\/loesungen-von-cl-electronics\/kamera-manager\/","og_site_name":"CL Electronics","article_modified_time":"2025-03-07T12:08:01+00:00","og_image":[{"width":400,"height":327,"url":"https:\/\/cle.e-clectic.ch\/wp-content\/uploads\/2024\/11\/CameraManager-2.png","type":"image\/png"}],"twitter_card":"summary_large_image","twitter_misc":{"Gesch\u00e4tzte Lesezeit":"2\u00a0Minuten"},"schema":{"@context":"https:\/\/schema.org","@graph":[{"@type":"WebPage","@id":"https:\/\/site.cl-electronics.com\/de\/loesungen\/loesungen-von-cl-electronics\/kamera-manager\/","url":"https:\/\/site.cl-electronics.com\/de\/loesungen\/loesungen-von-cl-electronics\/kamera-manager\/","name":"Kamera-Manager - CL Electronics","isPartOf":{"@id":"https:\/\/cle.e-clectic.ch\/#website"},"primaryImageOfPage":{"@id":"https:\/\/site.cl-electronics.com\/de\/loesungen\/loesungen-von-cl-electronics\/kamera-manager\/#primaryimage"},"image":{"@id":"https:\/\/site.cl-electronics.com\/de\/loesungen\/loesungen-von-cl-electronics\/kamera-manager\/#primaryimage"},"thumbnailUrl":"https:\/\/site.cl-electronics.com\/wp-content\/uploads\/2024\/11\/CameraManager-2.png","datePublished":"2024-11-25T10:16:33+00:00","dateModified":"2025-03-07T12:08:01+00:00","breadcrumb":{"@id":"https:\/\/site.cl-electronics.com\/de\/loesungen\/loesungen-von-cl-electronics\/kamera-manager\/#breadcrumb"},"inLanguage":"de","potentialAction":[{"@type":"ReadAction","target":["https:\/\/site.cl-electronics.com\/de\/loesungen\/loesungen-von-cl-electronics\/kamera-manager\/"]}]},{"@type":"ImageObject","inLanguage":"de","@id":"https:\/\/site.cl-electronics.com\/de\/loesungen\/loesungen-von-cl-electronics\/kamera-manager\/#primaryimage","url":"https:\/\/site.cl-electronics.com\/wp-content\/uploads\/2024\/11\/CameraManager-2.png","contentUrl":"https:\/\/site.cl-electronics.com\/wp-content\/uploads\/2024\/11\/CameraManager-2.png","width":400,"height":327},{"@type":"BreadcrumbList","@id":"https:\/\/site.cl-electronics.com\/de\/loesungen\/loesungen-von-cl-electronics\/kamera-manager\/#breadcrumb","itemListElement":[{"@type":"ListItem","position":1,"name":"Home","item":"https:\/\/site.cl-electronics.com\/de\/startseite\/"},{"@type":"ListItem","position":2,"name":"L\u00f6sungen","item":"https:\/\/site.cl-electronics.com\/de\/loesungen\/"},{"@type":"ListItem","position":3,"name":"L\u00f6sungen von CL-Electronics","item":"https:\/\/site.cl-electronics.com\/de\/loesungen\/loesungen-von-cl-electronics\/"},{"@type":"ListItem","position":4,"name":"Kamera-Manager"}]},{"@type":"WebSite","@id":"https:\/\/cle.e-clectic.ch\/#website","url":"https:\/\/cle.e-clectic.ch\/","name":"CL Electronics","description":"","publisher":{"@id":"https:\/\/cle.e-clectic.ch\/#organization"},"potentialAction":[{"@type":"SearchAction","target":{"@type":"EntryPoint","urlTemplate":"https:\/\/cle.e-clectic.ch\/?s={search_term_string}"},"query-input":{"@type":"PropertyValueSpecification","valueRequired":true,"valueName":"search_term_string"}}],"inLanguage":"de"},{"@type":"Organization","@id":"https:\/\/cle.e-clectic.ch\/#organization","name":"CL Electronics","url":"https:\/\/cle.e-clectic.ch\/","logo":{"@type":"ImageObject","inLanguage":"de","@id":"https:\/\/cle.e-clectic.ch\/#\/schema\/logo\/image\/","url":"https:\/\/site.cl-electronics.com\/wp-content\/uploads\/2024\/09\/CL_Electronics_blu.png","contentUrl":"https:\/\/site.cl-electronics.com\/wp-content\/uploads\/2024\/09\/CL_Electronics_blu.png","width":480,"height":273,"caption":"CL Electronics"},"image":{"@id":"https:\/\/cle.e-clectic.ch\/#\/schema\/logo\/image\/"}}]}},"_links":{"self":[{"href":"https:\/\/site.cl-electronics.com\/de\/wp-json\/wp\/v2\/pages\/4241","targetHints":{"allow":["GET"]}}],"collection":[{"href":"https:\/\/site.cl-electronics.com\/de\/wp-json\/wp\/v2\/pages"}],"about":[{"href":"https:\/\/site.cl-electronics.com\/de\/wp-json\/wp\/v2\/types\/page"}],"author":[{"embeddable":true,"href":"https:\/\/site.cl-electronics.com\/de\/wp-json\/wp\/v2\/users\/1"}],"replies":[{"embeddable":true,"href":"https:\/\/site.cl-electronics.com\/de\/wp-json\/wp\/v2\/comments?post=4241"}],"version-history":[{"count":9,"href":"https:\/\/site.cl-electronics.com\/de\/wp-json\/wp\/v2\/pages\/4241\/revisions"}],"predecessor-version":[{"id":5246,"href":"https:\/\/site.cl-electronics.com\/de\/wp-json\/wp\/v2\/pages\/4241\/revisions\/5246"}],"up":[{"embeddable":true,"href":"https:\/\/site.cl-electronics.com\/de\/wp-json\/wp\/v2\/pages\/4162"}],"wp:featuredmedia":[{"embeddable":true,"href":"https:\/\/site.cl-electronics.com\/de\/wp-json\/wp\/v2\/media\/3697"}],"wp:attachment":[{"href":"https:\/\/site.cl-electronics.com\/de\/wp-json\/wp\/v2\/media?parent=4241"}],"wp:term":[{"taxonomy":"category","embeddable":true,"href":"https:\/\/site.cl-electronics.com\/de\/wp-json\/wp\/v2\/categories?post=4241"},{"taxonomy":"post_tag","embeddable":true,"href":"https:\/\/site.cl-electronics.com\/de\/wp-json\/wp\/v2\/tags?post=4241"}],"curies":[{"name":"wp","href":"https:\/\/api.w.org\/{rel}","templated":true}]}}