{"id":4235,"date":"2024-12-01T08:43:35","date_gmt":"2024-12-01T07:43:35","guid":{"rendered":"https:\/\/cle.e-clectic.ch\/loesungen\/referenzprojekt-automatisierung\/parkraumbewirtschaftung\/"},"modified":"2025-03-07T13:08:43","modified_gmt":"2025-03-07T12:08:43","slug":"parkraumbewirtschaftung","status":"publish","type":"page","link":"https:\/\/site.cl-electronics.com\/de\/loesungen\/referenzprojekt-automatisierung\/parkraumbewirtschaftung\/","title":{"rendered":"Parkraumbewirtschaftung"},"content":{"rendered":"\t\t<div data-elementor-type=\"wp-page\" data-elementor-id=\"4235\" class=\"elementor elementor-4235 elementor-3195\" data-elementor-post-type=\"page\">\n\t\t\t\t<div class=\"elementor-element elementor-element-5b10a4e6 e-flex e-con-boxed wpr-particle-no wpr-jarallax-no wpr-parallax-no wpr-sticky-section-no e-con e-parent\" data-id=\"5b10a4e6\" data-element_type=\"container\">\n\t\t\t\t\t<div class=\"e-con-inner\">\n\t\t\t\t<div class=\"elementor-element elementor-element-3e1d1fb6 elementor-widget elementor-widget-wpr-breadcrumbs-pro\" data-id=\"3e1d1fb6\" data-element_type=\"widget\" data-widget_type=\"wpr-breadcrumbs-pro.default\">\n\t\t\t\t<div class=\"elementor-widget-container\">\n\t\t\t\t\t<div class=\"wpr-post-breadcrumbs\"><ul class=\"wpr-breadcrumbs\"><li><a href=\"https:\/\/site.cl-electronics.com\/de\/\">Startseite<\/a><\/li><li>\/<\/li><li>Parkraumbewirtschaftung<\/li><\/ul><\/div>\t\t\t\t<\/div>\n\t\t\t\t<\/div>\n\t\t\t\t<div class=\"elementor-element elementor-element-839bf4c elementor-widget-divider--view-line elementor-widget elementor-widget-divider\" data-id=\"839bf4c\" data-element_type=\"widget\" data-widget_type=\"divider.default\">\n\t\t\t\t<div class=\"elementor-widget-container\">\n\t\t\t\t\t\t\t<div class=\"elementor-divider\">\n\t\t\t<span class=\"elementor-divider-separator\">\n\t\t\t\t\t\t<\/span>\n\t\t<\/div>\n\t\t\t\t\t\t<\/div>\n\t\t\t\t<\/div>\n\t\t\t\t\t<\/div>\n\t\t\t\t<\/div>\n\t\t<div class=\"elementor-element elementor-element-31826551 e-con-full e-flex wpr-particle-no wpr-jarallax-no wpr-parallax-no wpr-sticky-section-no e-con e-parent\" data-id=\"31826551\" data-element_type=\"container\">\n\t\t<div class=\"elementor-element elementor-element-22b5e2cf e-con-full e-flex wpr-particle-no wpr-jarallax-no wpr-parallax-no wpr-sticky-section-no e-con e-child\" data-id=\"22b5e2cf\" data-element_type=\"container\">\n\t\t\t\t<div class=\"elementor-element elementor-element-5c638474 elementor-widget__width-initial elementor-widget elementor-widget-image\" data-id=\"5c638474\" data-element_type=\"widget\" data-widget_type=\"image.default\">\n\t\t\t\t<div class=\"elementor-widget-container\">\n\t\t\t\t\t\t\t\t\t\t\t\t\t\t\t<img fetchpriority=\"high\" decoding=\"async\" width=\"400\" height=\"327\" src=\"https:\/\/site.cl-electronics.com\/wp-content\/uploads\/2024\/12\/parking-management.jpg\" class=\"attachment-large size-large wp-image-3196\" alt=\"\" srcset=\"https:\/\/site.cl-electronics.com\/wp-content\/uploads\/2024\/12\/parking-management.jpg 400w, https:\/\/site.cl-electronics.com\/wp-content\/uploads\/2024\/12\/parking-management-300x245.jpg 300w\" sizes=\"(max-width: 400px) 100vw, 400px\" \/>\t\t\t\t\t\t\t\t\t\t\t\t\t\t\t<\/div>\n\t\t\t\t<\/div>\n\t\t\t\t<div class=\"elementor-element elementor-element-47020d18 elementor-widget__width-initial elementor-widget elementor-widget-text-editor\" data-id=\"47020d18\" data-element_type=\"widget\" data-widget_type=\"text-editor.default\">\n\t\t\t\t<div class=\"elementor-widget-container\">\n\t\t\t\t\t\t\t\t\t<p>Das von CL-Electronics entwickelte Parkraumbewirtschaftungssystem \u00fcberpr\u00fcft die Auslastung des Parkplatzes in Echtzeit. Durch die Verkn\u00fcpfung mit unserer automatischen Zugangskontrolle ist eine \u00e4u\u00dferst effiziente Nutzung m\u00f6glich. Kombinationen mit Kennzeichenerkennung, einem Parkleitsystem und einem auf die Kundenbed\u00fcrfnisse zugeschnittenen Zahlungssystem sind jederzeit m\u00f6glich. Auch Heatmapping-Systeme und andere Analysetools k\u00f6nnen angeschlossen werden.<\/p>\n\t\t\t\t\t\t\t\t<\/div>\n\t\t\t\t<\/div>\n\t\t\t\t<div class=\"elementor-element elementor-element-30a93d61 square e-n-tabs-mobile elementor-widget elementor-widget-n-tabs\" data-id=\"30a93d61\" data-element_type=\"widget\" data-settings=\"{&quot;tabs_justify_horizontal&quot;:&quot;start&quot;,&quot;horizontal_scroll&quot;:&quot;disable&quot;}\" data-widget_type=\"nested-tabs.default\">\n\t\t\t\t<div class=\"elementor-widget-container\">\n\t\t\t\t\t\t\t<div class=\"e-n-tabs\" data-widget-number=\"816397665\" aria-label=\"Tabs. Open items with Enter or Space, close with Escape and navigate using the Arrow keys.\">\n\t\t\t<div class=\"e-n-tabs-heading\" role=\"tablist\">\n\t\t\t\t\t<button id=\"e-n-tab-title-8163976651\" class=\"e-n-tab-title\" aria-selected=\"true\" data-tab-index=\"1\" role=\"tab\" tabindex=\"0\" aria-controls=\"e-n-tab-content-8163976651\" style=\"--n-tabs-title-order: 1;\">\n\t\t\t\t\t\t<span class=\"e-n-tab-title-text\">\n\t\t\t\tANWENDUNGSBEREICHE\t\t\t<\/span>\n\t\t<\/button>\n\t\t\t\t\t<\/div>\n\t\t\t<div class=\"e-n-tabs-content\">\n\t\t\t\t<div id=\"e-n-tab-content-8163976651\" role=\"tabpanel\" aria-labelledby=\"e-n-tab-title-8163976651\" data-tab-index=\"1\" style=\"--n-tabs-title-order: 1;\" class=\"e-active elementor-element elementor-element-7ac3dffc square e-flex e-con-boxed wpr-particle-no wpr-jarallax-no wpr-parallax-no wpr-sticky-section-no e-con e-child\" data-id=\"7ac3dffc\" data-element_type=\"container\">\n\t\t\t\t\t<div class=\"e-con-inner\">\n\t\t\t\t<div class=\"elementor-element elementor-element-0251d0c elementor-widget elementor-widget-text-editor\" data-id=\"0251d0c\" data-element_type=\"widget\" data-widget_type=\"text-editor.default\">\n\t\t\t\t<div class=\"elementor-widget-container\">\n\t\t\t\t\t\t\t\t\t<ul>\n<li>Kontrolle des Parkplatzes<\/li>\n<\/ul>\n\t\t\t\t\t\t\t\t<\/div>\n\t\t\t\t<\/div>\n\t\t\t\t\t<\/div>\n\t\t\t\t<\/div>\n\t\t\t\t\t<\/div>\n\t\t<\/div>\n\t\t\t\t\t\t<\/div>\n\t\t\t\t<\/div>\n\t\t\t\t<div class=\"elementor-element elementor-element-0bcdb2c elementor-widget__width-inherit elementor-widget elementor-widget-button\" data-id=\"0bcdb2c\" data-element_type=\"widget\" data-widget_type=\"button.default\">\n\t\t\t\t<div class=\"elementor-widget-container\">\n\t\t\t\t\t\t\t\t\t<div class=\"elementor-button-wrapper\">\n\t\t\t\t\t<a class=\"elementor-button elementor-button-link elementor-size-sm\" href=\"https:\/\/cle.e-clectic.ch\/de\/kontakte\/\">\n\t\t\t\t\t\t<span class=\"elementor-button-content-wrapper\">\n\t\t\t\t\t\t\t\t\t<span class=\"elementor-button-text\">KONTAKT<\/span>\n\t\t\t\t\t<\/span>\n\t\t\t\t\t<\/a>\n\t\t\t\t<\/div>\n\t\t\t\t\t\t\t\t<\/div>\n\t\t\t\t<\/div>\n\t\t\t\t<div class=\"elementor-element elementor-element-8f40169 elementor-widget__width-auto elementor-absolute elementor-widget elementor-widget-button\" data-id=\"8f40169\" data-element_type=\"widget\" data-settings=\"{&quot;_position&quot;:&quot;absolute&quot;}\" data-widget_type=\"button.default\">\n\t\t\t\t<div class=\"elementor-widget-container\">\n\t\t\t\t\t\t\t\t\t<div class=\"elementor-button-wrapper\">\n\t\t\t\t\t<a class=\"elementor-button elementor-button-link elementor-size-sm\" href=\"https:\/\/cle.e-clectic.ch\/de\/kontakte\/\">\n\t\t\t\t\t\t<span class=\"elementor-button-content-wrapper\">\n\t\t\t\t\t\t\t\t\t<span class=\"elementor-button-text\">KONTAKT<\/span>\n\t\t\t\t\t<\/span>\n\t\t\t\t\t<\/a>\n\t\t\t\t<\/div>\n\t\t\t\t\t\t\t\t<\/div>\n\t\t\t\t<\/div>\n\t\t\t\t<\/div>\n\t\t<div class=\"elementor-element elementor-element-67fc3c93 e-con-full e-flex wpr-particle-no wpr-jarallax-no wpr-parallax-no wpr-sticky-section-no e-con e-child\" data-id=\"67fc3c93\" data-element_type=\"container\">\n\t\t\t\t<div class=\"elementor-element elementor-element-3bddc1cb elementor-widget elementor-widget-text-editor\" data-id=\"3bddc1cb\" data-element_type=\"widget\" data-widget_type=\"text-editor.default\">\n\t\t\t\t<div class=\"elementor-widget-container\">\n\t\t\t\t\t\t\t\t\t<h5 class=\"entry-title\"><a href=\"https:\/\/cle.e-clectic.ch\/de\/loesungen\/referenzprojekt-automatisierung\/\"><strong>Referenzprojekte Sicherheit<\/strong><\/a><\/h5>\n\t\t\t\t\t\t\t\t<\/div>\n\t\t\t\t<\/div>\n\t\t\t\t<div class=\"elementor-element elementor-element-5c39e54b elementor-widget__width-initial elementor-nav-menu--dropdown-tablet elementor-nav-menu__text-align-aside elementor-nav-menu--toggle elementor-nav-menu--burger elementor-widget elementor-widget-nav-menu\" data-id=\"5c39e54b\" data-element_type=\"widget\" data-settings=\"{&quot;layout&quot;:&quot;vertical&quot;,&quot;submenu_icon&quot;:{&quot;value&quot;:&quot;&lt;svg class=\\&quot;e-font-icon-svg e-fas-caret-down\\&quot; viewBox=\\&quot;0 0 320 512\\&quot; xmlns=\\&quot;http:\\\/\\\/www.w3.org\\\/2000\\\/svg\\&quot;&gt;&lt;path d=\\&quot;M31.3 192h257.3c17.8 0 26.7 21.5 14.1 34.1L174.1 354.8c-7.8 7.8-20.5 7.8-28.3 0L17.2 226.1C4.6 213.5 13.5 192 31.3 192z\\&quot;&gt;&lt;\\\/path&gt;&lt;\\\/svg&gt;&quot;,&quot;library&quot;:&quot;fa-solid&quot;},&quot;toggle&quot;:&quot;burger&quot;}\" data-widget_type=\"nav-menu.default\">\n\t\t\t\t<div class=\"elementor-widget-container\">\n\t\t\t\t\t\t\t\t<nav aria-label=\"Solutions\" class=\"elementor-nav-menu--main elementor-nav-menu__container elementor-nav-menu--layout-vertical e--pointer-underline e--animation-fade\">\n\t\t\t\t<ul id=\"menu-1-5c39e54b\" class=\"elementor-nav-menu sm-vertical\"><li class=\"menu-item menu-item-type-post_type menu-item-object-page menu-item-4405\"><a href=\"https:\/\/site.cl-electronics.com\/de\/loesungen\/referenzprojekt-automatisierung\/steuerung-des-logistik-workflows\/\" class=\"elementor-item\">Steuerung des Logistik-Workflows<\/a><\/li>\n<li class=\"menu-item menu-item-type-post_type menu-item-object-page menu-item-4406\"><a href=\"https:\/\/site.cl-electronics.com\/de\/loesungen\/referenzprojekt-automatisierung\/verwaltung-des-zugangs-zur-stadt\/\" class=\"elementor-item\">Verwaltung des Zugangs zur Stadt<\/a><\/li>\n<li class=\"menu-item menu-item-type-post_type menu-item-object-page menu-item-4407\"><a href=\"https:\/\/site.cl-electronics.com\/de\/loesungen\/referenzprojekt-automatisierung\/recycling-center\/\" class=\"elementor-item\">Recycling Center<\/a><\/li>\n<li class=\"menu-item menu-item-type-post_type menu-item-object-page menu-item-4408\"><a href=\"https:\/\/site.cl-electronics.com\/de\/loesungen\/referenzprojekt-automatisierung\/parkraumbewirtschaftung\/\" class=\"elementor-item\">Parkraumbewirtschaftung<\/a><\/li>\n<li class=\"menu-item menu-item-type-post_type menu-item-object-page menu-item-4409\"><a href=\"https:\/\/site.cl-electronics.com\/de\/loesungen\/referenzprojekt-automatisierung\/ueberwachung-des-stadions\/\" class=\"elementor-item\">\u00dcberwachung des Stadions<\/a><\/li>\n<\/ul>\t\t\t<\/nav>\n\t\t\t\t\t<div class=\"elementor-menu-toggle\" role=\"button\" tabindex=\"0\" aria-label=\"Men\u00fc Umschalter\" aria-expanded=\"false\">\n\t\t\t<svg aria-hidden=\"true\" role=\"presentation\" class=\"elementor-menu-toggle__icon--open e-font-icon-svg e-eicon-menu-bar\" viewBox=\"0 0 1000 1000\" xmlns=\"http:\/\/www.w3.org\/2000\/svg\"><path d=\"M104 333H896C929 333 958 304 958 271S929 208 896 208H104C71 208 42 237 42 271S71 333 104 333ZM104 583H896C929 583 958 554 958 521S929 458 896 458H104C71 458 42 487 42 521S71 583 104 583ZM104 833H896C929 833 958 804 958 771S929 708 896 708H104C71 708 42 737 42 771S71 833 104 833Z\"><\/path><\/svg><svg aria-hidden=\"true\" role=\"presentation\" class=\"elementor-menu-toggle__icon--close e-font-icon-svg e-eicon-close\" viewBox=\"0 0 1000 1000\" xmlns=\"http:\/\/www.w3.org\/2000\/svg\"><path d=\"M742 167L500 408 258 167C246 154 233 150 217 150 196 150 179 158 167 167 154 179 150 196 150 212 150 229 154 242 171 254L408 500 167 742C138 771 138 800 167 829 196 858 225 858 254 829L496 587 738 829C750 842 767 846 783 846 800 846 817 842 829 829 842 817 846 804 846 783 846 767 842 750 829 737L588 500 833 258C863 229 863 200 833 171 804 137 775 137 742 167Z\"><\/path><\/svg>\t\t\t<span class=\"elementor-screen-only\">Men\u00fc<\/span>\n\t\t<\/div>\n\t\t\t\t\t<nav class=\"elementor-nav-menu--dropdown elementor-nav-menu__container\" aria-hidden=\"true\">\n\t\t\t\t<ul id=\"menu-2-5c39e54b\" class=\"elementor-nav-menu sm-vertical\"><li class=\"menu-item menu-item-type-post_type menu-item-object-page menu-item-4405\"><a href=\"https:\/\/site.cl-electronics.com\/de\/loesungen\/referenzprojekt-automatisierung\/steuerung-des-logistik-workflows\/\" class=\"elementor-item\" tabindex=\"-1\">Steuerung des Logistik-Workflows<\/a><\/li>\n<li class=\"menu-item menu-item-type-post_type menu-item-object-page menu-item-4406\"><a href=\"https:\/\/site.cl-electronics.com\/de\/loesungen\/referenzprojekt-automatisierung\/verwaltung-des-zugangs-zur-stadt\/\" class=\"elementor-item\" tabindex=\"-1\">Verwaltung des Zugangs zur Stadt<\/a><\/li>\n<li class=\"menu-item menu-item-type-post_type menu-item-object-page menu-item-4407\"><a href=\"https:\/\/site.cl-electronics.com\/de\/loesungen\/referenzprojekt-automatisierung\/recycling-center\/\" class=\"elementor-item\" tabindex=\"-1\">Recycling Center<\/a><\/li>\n<li class=\"menu-item menu-item-type-post_type menu-item-object-page menu-item-4408\"><a href=\"https:\/\/site.cl-electronics.com\/de\/loesungen\/referenzprojekt-automatisierung\/parkraumbewirtschaftung\/\" class=\"elementor-item\" tabindex=\"-1\">Parkraumbewirtschaftung<\/a><\/li>\n<li class=\"menu-item menu-item-type-post_type menu-item-object-page menu-item-4409\"><a href=\"https:\/\/site.cl-electronics.com\/de\/loesungen\/referenzprojekt-automatisierung\/ueberwachung-des-stadions\/\" class=\"elementor-item\" tabindex=\"-1\">\u00dcberwachung des Stadions<\/a><\/li>\n<\/ul>\t\t\t<\/nav>\n\t\t\t\t\t\t<\/div>\n\t\t\t\t<\/div>\n\t\t\t\t<\/div>\n\t\t\t\t<\/div>\n\t\t\t\t<\/div>\n\t\t","protected":false},"excerpt":{"rendered":"<p>Home \/ Das von CL-Electronics entwickelte Parkraumbewirtschaftungssystem \u00fcberpr\u00fcft die Auslastung des Parkplatzes in Echtzeit. Durch die Verkn\u00fcpfung mit unserer automatischen Zugangskontrolle ist eine \u00e4u\u00dferst effiziente&#8230;<\/p>\n","protected":false},"author":1,"featured_media":3702,"parent":4160,"menu_order":0,"comment_status":"closed","ping_status":"closed","template":"","meta":{"inline_featured_image":false,"footnotes":""},"categories":[],"tags":[],"class_list":["post-4235","page","type-page","status-publish","has-post-thumbnail","hentry"],"yoast_head":"<!-- This site is optimized with the Yoast SEO plugin v24.1 - https:\/\/yoast.com\/wordpress\/plugins\/seo\/ -->\n<title>Parkraumbewirtschaftung - CL Electronics<\/title>\n<meta name=\"robots\" content=\"index, follow, max-snippet:-1, max-image-preview:large, max-video-preview:-1\" \/>\n<link rel=\"canonical\" href=\"https:\/\/site.cl-electronics.com\/de\/loesungen\/referenzprojekt-automatisierung\/parkraumbewirtschaftung\/\" \/>\n<meta property=\"og:locale\" content=\"de_DE\" \/>\n<meta property=\"og:type\" content=\"article\" \/>\n<meta property=\"og:title\" content=\"Parkraumbewirtschaftung - CL Electronics\" \/>\n<meta property=\"og:description\" content=\"Home \/ Das von CL-Electronics entwickelte Parkraumbewirtschaftungssystem \u00fcberpr\u00fcft die Auslastung des Parkplatzes in Echtzeit. Durch die Verkn\u00fcpfung mit unserer automatischen Zugangskontrolle ist eine \u00e4u\u00dferst effiziente...\" \/>\n<meta property=\"og:url\" content=\"https:\/\/site.cl-electronics.com\/de\/loesungen\/referenzprojekt-automatisierung\/parkraumbewirtschaftung\/\" \/>\n<meta property=\"og:site_name\" content=\"CL Electronics\" \/>\n<meta property=\"article:modified_time\" content=\"2025-03-07T12:08:43+00:00\" \/>\n<meta property=\"og:image\" content=\"https:\/\/cle.e-clectic.ch\/wp-content\/uploads\/2024\/12\/parking-management.jpg\" \/>\n\t<meta property=\"og:image:width\" content=\"400\" \/>\n\t<meta property=\"og:image:height\" content=\"327\" \/>\n\t<meta property=\"og:image:type\" content=\"image\/jpeg\" \/>\n<meta name=\"twitter:card\" content=\"summary_large_image\" \/>\n<script type=\"application\/ld+json\" class=\"yoast-schema-graph\">{\"@context\":\"https:\/\/schema.org\",\"@graph\":[{\"@type\":\"WebPage\",\"@id\":\"https:\/\/site.cl-electronics.com\/de\/loesungen\/referenzprojekt-automatisierung\/parkraumbewirtschaftung\/\",\"url\":\"https:\/\/site.cl-electronics.com\/de\/loesungen\/referenzprojekt-automatisierung\/parkraumbewirtschaftung\/\",\"name\":\"Parkraumbewirtschaftung - CL Electronics\",\"isPartOf\":{\"@id\":\"https:\/\/cle.e-clectic.ch\/#website\"},\"primaryImageOfPage\":{\"@id\":\"https:\/\/site.cl-electronics.com\/de\/loesungen\/referenzprojekt-automatisierung\/parkraumbewirtschaftung\/#primaryimage\"},\"image\":{\"@id\":\"https:\/\/site.cl-electronics.com\/de\/loesungen\/referenzprojekt-automatisierung\/parkraumbewirtschaftung\/#primaryimage\"},\"thumbnailUrl\":\"https:\/\/site.cl-electronics.com\/wp-content\/uploads\/2024\/12\/parking-management.jpg\",\"datePublished\":\"2024-12-01T07:43:35+00:00\",\"dateModified\":\"2025-03-07T12:08:43+00:00\",\"breadcrumb\":{\"@id\":\"https:\/\/site.cl-electronics.com\/de\/loesungen\/referenzprojekt-automatisierung\/parkraumbewirtschaftung\/#breadcrumb\"},\"inLanguage\":\"de\",\"potentialAction\":[{\"@type\":\"ReadAction\",\"target\":[\"https:\/\/site.cl-electronics.com\/de\/loesungen\/referenzprojekt-automatisierung\/parkraumbewirtschaftung\/\"]}]},{\"@type\":\"ImageObject\",\"inLanguage\":\"de\",\"@id\":\"https:\/\/site.cl-electronics.com\/de\/loesungen\/referenzprojekt-automatisierung\/parkraumbewirtschaftung\/#primaryimage\",\"url\":\"https:\/\/site.cl-electronics.com\/wp-content\/uploads\/2024\/12\/parking-management.jpg\",\"contentUrl\":\"https:\/\/site.cl-electronics.com\/wp-content\/uploads\/2024\/12\/parking-management.jpg\",\"width\":400,\"height\":327},{\"@type\":\"BreadcrumbList\",\"@id\":\"https:\/\/site.cl-electronics.com\/de\/loesungen\/referenzprojekt-automatisierung\/parkraumbewirtschaftung\/#breadcrumb\",\"itemListElement\":[{\"@type\":\"ListItem\",\"position\":1,\"name\":\"Home\",\"item\":\"https:\/\/site.cl-electronics.com\/de\/startseite\/\"},{\"@type\":\"ListItem\",\"position\":2,\"name\":\"L\u00f6sungen\",\"item\":\"https:\/\/site.cl-electronics.com\/de\/loesungen\/\"},{\"@type\":\"ListItem\",\"position\":3,\"name\":\"REFERENZPROJEKT-AUTOMATISIERUNG\",\"item\":\"https:\/\/site.cl-electronics.com\/de\/loesungen\/referenzprojekt-automatisierung\/\"},{\"@type\":\"ListItem\",\"position\":4,\"name\":\"Parkraumbewirtschaftung\"}]},{\"@type\":\"WebSite\",\"@id\":\"https:\/\/cle.e-clectic.ch\/#website\",\"url\":\"https:\/\/cle.e-clectic.ch\/\",\"name\":\"CL Electronics\",\"description\":\"\",\"publisher\":{\"@id\":\"https:\/\/cle.e-clectic.ch\/#organization\"},\"potentialAction\":[{\"@type\":\"SearchAction\",\"target\":{\"@type\":\"EntryPoint\",\"urlTemplate\":\"https:\/\/cle.e-clectic.ch\/?s={search_term_string}\"},\"query-input\":{\"@type\":\"PropertyValueSpecification\",\"valueRequired\":true,\"valueName\":\"search_term_string\"}}],\"inLanguage\":\"de\"},{\"@type\":\"Organization\",\"@id\":\"https:\/\/cle.e-clectic.ch\/#organization\",\"name\":\"CL Electronics\",\"url\":\"https:\/\/cle.e-clectic.ch\/\",\"logo\":{\"@type\":\"ImageObject\",\"inLanguage\":\"de\",\"@id\":\"https:\/\/cle.e-clectic.ch\/#\/schema\/logo\/image\/\",\"url\":\"https:\/\/site.cl-electronics.com\/wp-content\/uploads\/2024\/09\/CL_Electronics_blu.png\",\"contentUrl\":\"https:\/\/site.cl-electronics.com\/wp-content\/uploads\/2024\/09\/CL_Electronics_blu.png\",\"width\":480,\"height\":273,\"caption\":\"CL Electronics\"},\"image\":{\"@id\":\"https:\/\/cle.e-clectic.ch\/#\/schema\/logo\/image\/\"}}]}<\/script>\n<!-- \/ Yoast SEO plugin. -->","yoast_head_json":{"title":"Parkraumbewirtschaftung - CL Electronics","robots":{"index":"index","follow":"follow","max-snippet":"max-snippet:-1","max-image-preview":"max-image-preview:large","max-video-preview":"max-video-preview:-1"},"canonical":"https:\/\/site.cl-electronics.com\/de\/loesungen\/referenzprojekt-automatisierung\/parkraumbewirtschaftung\/","og_locale":"de_DE","og_type":"article","og_title":"Parkraumbewirtschaftung - CL Electronics","og_description":"Home \/ Das von CL-Electronics entwickelte Parkraumbewirtschaftungssystem \u00fcberpr\u00fcft die Auslastung des Parkplatzes in Echtzeit. Durch die Verkn\u00fcpfung mit unserer automatischen Zugangskontrolle ist eine \u00e4u\u00dferst effiziente...","og_url":"https:\/\/site.cl-electronics.com\/de\/loesungen\/referenzprojekt-automatisierung\/parkraumbewirtschaftung\/","og_site_name":"CL Electronics","article_modified_time":"2025-03-07T12:08:43+00:00","og_image":[{"width":400,"height":327,"url":"https:\/\/cle.e-clectic.ch\/wp-content\/uploads\/2024\/12\/parking-management.jpg","type":"image\/jpeg"}],"twitter_card":"summary_large_image","schema":{"@context":"https:\/\/schema.org","@graph":[{"@type":"WebPage","@id":"https:\/\/site.cl-electronics.com\/de\/loesungen\/referenzprojekt-automatisierung\/parkraumbewirtschaftung\/","url":"https:\/\/site.cl-electronics.com\/de\/loesungen\/referenzprojekt-automatisierung\/parkraumbewirtschaftung\/","name":"Parkraumbewirtschaftung - CL Electronics","isPartOf":{"@id":"https:\/\/cle.e-clectic.ch\/#website"},"primaryImageOfPage":{"@id":"https:\/\/site.cl-electronics.com\/de\/loesungen\/referenzprojekt-automatisierung\/parkraumbewirtschaftung\/#primaryimage"},"image":{"@id":"https:\/\/site.cl-electronics.com\/de\/loesungen\/referenzprojekt-automatisierung\/parkraumbewirtschaftung\/#primaryimage"},"thumbnailUrl":"https:\/\/site.cl-electronics.com\/wp-content\/uploads\/2024\/12\/parking-management.jpg","datePublished":"2024-12-01T07:43:35+00:00","dateModified":"2025-03-07T12:08:43+00:00","breadcrumb":{"@id":"https:\/\/site.cl-electronics.com\/de\/loesungen\/referenzprojekt-automatisierung\/parkraumbewirtschaftung\/#breadcrumb"},"inLanguage":"de","potentialAction":[{"@type":"ReadAction","target":["https:\/\/site.cl-electronics.com\/de\/loesungen\/referenzprojekt-automatisierung\/parkraumbewirtschaftung\/"]}]},{"@type":"ImageObject","inLanguage":"de","@id":"https:\/\/site.cl-electronics.com\/de\/loesungen\/referenzprojekt-automatisierung\/parkraumbewirtschaftung\/#primaryimage","url":"https:\/\/site.cl-electronics.com\/wp-content\/uploads\/2024\/12\/parking-management.jpg","contentUrl":"https:\/\/site.cl-electronics.com\/wp-content\/uploads\/2024\/12\/parking-management.jpg","width":400,"height":327},{"@type":"BreadcrumbList","@id":"https:\/\/site.cl-electronics.com\/de\/loesungen\/referenzprojekt-automatisierung\/parkraumbewirtschaftung\/#breadcrumb","itemListElement":[{"@type":"ListItem","position":1,"name":"Home","item":"https:\/\/site.cl-electronics.com\/de\/startseite\/"},{"@type":"ListItem","position":2,"name":"L\u00f6sungen","item":"https:\/\/site.cl-electronics.com\/de\/loesungen\/"},{"@type":"ListItem","position":3,"name":"REFERENZPROJEKT-AUTOMATISIERUNG","item":"https:\/\/site.cl-electronics.com\/de\/loesungen\/referenzprojekt-automatisierung\/"},{"@type":"ListItem","position":4,"name":"Parkraumbewirtschaftung"}]},{"@type":"WebSite","@id":"https:\/\/cle.e-clectic.ch\/#website","url":"https:\/\/cle.e-clectic.ch\/","name":"CL Electronics","description":"","publisher":{"@id":"https:\/\/cle.e-clectic.ch\/#organization"},"potentialAction":[{"@type":"SearchAction","target":{"@type":"EntryPoint","urlTemplate":"https:\/\/cle.e-clectic.ch\/?s={search_term_string}"},"query-input":{"@type":"PropertyValueSpecification","valueRequired":true,"valueName":"search_term_string"}}],"inLanguage":"de"},{"@type":"Organization","@id":"https:\/\/cle.e-clectic.ch\/#organization","name":"CL Electronics","url":"https:\/\/cle.e-clectic.ch\/","logo":{"@type":"ImageObject","inLanguage":"de","@id":"https:\/\/cle.e-clectic.ch\/#\/schema\/logo\/image\/","url":"https:\/\/site.cl-electronics.com\/wp-content\/uploads\/2024\/09\/CL_Electronics_blu.png","contentUrl":"https:\/\/site.cl-electronics.com\/wp-content\/uploads\/2024\/09\/CL_Electronics_blu.png","width":480,"height":273,"caption":"CL Electronics"},"image":{"@id":"https:\/\/cle.e-clectic.ch\/#\/schema\/logo\/image\/"}}]}},"_links":{"self":[{"href":"https:\/\/site.cl-electronics.com\/de\/wp-json\/wp\/v2\/pages\/4235","targetHints":{"allow":["GET"]}}],"collection":[{"href":"https:\/\/site.cl-electronics.com\/de\/wp-json\/wp\/v2\/pages"}],"about":[{"href":"https:\/\/site.cl-electronics.com\/de\/wp-json\/wp\/v2\/types\/page"}],"author":[{"embeddable":true,"href":"https:\/\/site.cl-electronics.com\/de\/wp-json\/wp\/v2\/users\/1"}],"replies":[{"embeddable":true,"href":"https:\/\/site.cl-electronics.com\/de\/wp-json\/wp\/v2\/comments?post=4235"}],"version-history":[{"count":2,"href":"https:\/\/site.cl-electronics.com\/de\/wp-json\/wp\/v2\/pages\/4235\/revisions"}],"predecessor-version":[{"id":5250,"href":"https:\/\/site.cl-electronics.com\/de\/wp-json\/wp\/v2\/pages\/4235\/revisions\/5250"}],"up":[{"embeddable":true,"href":"https:\/\/site.cl-electronics.com\/de\/wp-json\/wp\/v2\/pages\/4160"}],"wp:featuredmedia":[{"embeddable":true,"href":"https:\/\/site.cl-electronics.com\/de\/wp-json\/wp\/v2\/media\/3702"}],"wp:attachment":[{"href":"https:\/\/site.cl-electronics.com\/de\/wp-json\/wp\/v2\/media?parent=4235"}],"wp:term":[{"taxonomy":"category","embeddable":true,"href":"https:\/\/site.cl-electronics.com\/de\/wp-json\/wp\/v2\/categories?post=4235"},{"taxonomy":"post_tag","embeddable":true,"href":"https:\/\/site.cl-electronics.com\/de\/wp-json\/wp\/v2\/tags?post=4235"}],"curies":[{"name":"wp","href":"https:\/\/api.w.org\/{rel}","templated":true}]}}