{"id":4233,"date":"2024-12-01T08:00:26","date_gmt":"2024-12-01T07:00:26","guid":{"rendered":"https:\/\/cle.e-clectic.ch\/loesungen\/referenzprojekt-automatisierung\/steuerung-des-logistik-workflows\/"},"modified":"2025-03-07T13:08:38","modified_gmt":"2025-03-07T12:08:38","slug":"steuerung-des-logistik-workflows","status":"publish","type":"page","link":"https:\/\/site.cl-electronics.com\/de\/loesungen\/referenzprojekt-automatisierung\/steuerung-des-logistik-workflows\/","title":{"rendered":"Steuerung des Logistik-Workflows"},"content":{"rendered":"\t\t<div data-elementor-type=\"wp-page\" data-elementor-id=\"4233\" class=\"elementor elementor-4233 elementor-3140\" data-elementor-post-type=\"page\">\n\t\t\t\t<div class=\"elementor-element elementor-element-54249cba e-flex e-con-boxed wpr-particle-no wpr-jarallax-no wpr-parallax-no wpr-sticky-section-no e-con e-parent\" data-id=\"54249cba\" data-element_type=\"container\">\n\t\t\t\t\t<div class=\"e-con-inner\">\n\t\t\t\t<div class=\"elementor-element elementor-element-175b244f elementor-widget elementor-widget-wpr-breadcrumbs-pro\" data-id=\"175b244f\" data-element_type=\"widget\" data-widget_type=\"wpr-breadcrumbs-pro.default\">\n\t\t\t\t<div class=\"elementor-widget-container\">\n\t\t\t\t\t<div class=\"wpr-post-breadcrumbs\"><ul class=\"wpr-breadcrumbs\"><li><a href=\"https:\/\/site.cl-electronics.com\/de\/\">Startseite<\/a><\/li><li>\/<\/li><li>Steuerung des Logistik-Workflows<\/li><\/ul><\/div>\t\t\t\t<\/div>\n\t\t\t\t<\/div>\n\t\t\t\t<div class=\"elementor-element elementor-element-33091be9 elementor-widget-divider--view-line elementor-widget elementor-widget-divider\" data-id=\"33091be9\" data-element_type=\"widget\" data-widget_type=\"divider.default\">\n\t\t\t\t<div class=\"elementor-widget-container\">\n\t\t\t\t\t\t\t<div class=\"elementor-divider\">\n\t\t\t<span class=\"elementor-divider-separator\">\n\t\t\t\t\t\t<\/span>\n\t\t<\/div>\n\t\t\t\t\t\t<\/div>\n\t\t\t\t<\/div>\n\t\t\t\t\t<\/div>\n\t\t\t\t<\/div>\n\t\t<div class=\"elementor-element elementor-element-4b443442 e-con-full e-flex wpr-particle-no wpr-jarallax-no wpr-parallax-no wpr-sticky-section-no e-con e-parent\" data-id=\"4b443442\" data-element_type=\"container\">\n\t\t<div class=\"elementor-element elementor-element-2fb51dd5 e-con-full e-flex wpr-particle-no wpr-jarallax-no wpr-parallax-no wpr-sticky-section-no e-con e-child\" data-id=\"2fb51dd5\" data-element_type=\"container\">\n\t\t\t\t<div class=\"elementor-element elementor-element-22a526b8 elementor-widget__width-initial elementor-widget elementor-widget-image\" data-id=\"22a526b8\" data-element_type=\"widget\" data-widget_type=\"image.default\">\n\t\t\t\t<div class=\"elementor-widget-container\">\n\t\t\t\t\t\t\t\t\t\t\t\t\t\t\t<img fetchpriority=\"high\" decoding=\"async\" width=\"400\" height=\"327\" src=\"https:\/\/site.cl-electronics.com\/wp-content\/uploads\/2024\/12\/Logistische-Workflowsteuerung.png\" class=\"attachment-large size-large wp-image-3141\" alt=\"\" srcset=\"https:\/\/site.cl-electronics.com\/wp-content\/uploads\/2024\/12\/Logistische-Workflowsteuerung.png 400w, https:\/\/site.cl-electronics.com\/wp-content\/uploads\/2024\/12\/Logistische-Workflowsteuerung-300x245.png 300w\" sizes=\"(max-width: 400px) 100vw, 400px\" \/>\t\t\t\t\t\t\t\t\t\t\t\t\t\t\t<\/div>\n\t\t\t\t<\/div>\n\t\t\t\t<div class=\"elementor-element elementor-element-228e4971 elementor-widget__width-initial elementor-widget elementor-widget-text-editor\" data-id=\"228e4971\" data-element_type=\"widget\" data-widget_type=\"text-editor.default\">\n\t\t\t\t<div class=\"elementor-widget-container\">\n\t\t\t\t\t\t\t\t\t<p><span>Das Projektziel war eine L\u00f6sung f\u00fcr die automatische Zugangskontrolle von LKWs auf dem Logistikgel\u00e4nde des Kunden.<\/span><br \/><span>Das System wurde mit dem ERP-System des Kunden verbunden.<\/span><\/p>\n\t\t\t\t\t\t\t\t<\/div>\n\t\t\t\t<\/div>\n\t\t\t\t<div class=\"elementor-element elementor-element-52e60cac square e-n-tabs-mobile elementor-widget elementor-widget-n-tabs\" data-id=\"52e60cac\" data-element_type=\"widget\" data-settings=\"{&quot;tabs_justify_horizontal&quot;:&quot;start&quot;,&quot;horizontal_scroll&quot;:&quot;disable&quot;}\" data-widget_type=\"nested-tabs.default\">\n\t\t\t\t<div class=\"elementor-widget-container\">\n\t\t\t\t\t\t\t<div class=\"e-n-tabs\" data-widget-number=\"1390808236\" aria-label=\"Tabs. Open items with Enter or Space, close with Escape and navigate using the Arrow keys.\">\n\t\t\t<div class=\"e-n-tabs-heading\" role=\"tablist\">\n\t\t\t\t\t<button id=\"e-n-tab-title-13908082361\" class=\"e-n-tab-title\" aria-selected=\"true\" data-tab-index=\"1\" role=\"tab\" tabindex=\"0\" aria-controls=\"e-n-tab-content-13908082361\" style=\"--n-tabs-title-order: 1;\">\n\t\t\t\t\t\t<span class=\"e-n-tab-title-text\">\n\t\t\t\tANWENDUNGSBEREICHE\t\t\t<\/span>\n\t\t<\/button>\n\t\t\t\t\t<\/div>\n\t\t\t<div class=\"e-n-tabs-content\">\n\t\t\t\t<div id=\"e-n-tab-content-13908082361\" role=\"tabpanel\" aria-labelledby=\"e-n-tab-title-13908082361\" data-tab-index=\"1\" style=\"--n-tabs-title-order: 1;\" class=\"e-active elementor-element elementor-element-3b248487 square e-flex e-con-boxed wpr-particle-no wpr-jarallax-no wpr-parallax-no wpr-sticky-section-no e-con e-child\" data-id=\"3b248487\" data-element_type=\"container\">\n\t\t\t\t\t<div class=\"e-con-inner\">\n\t\t\t\t<div class=\"elementor-element elementor-element-39a0d4e elementor-widget elementor-widget-text-editor\" data-id=\"39a0d4e\" data-element_type=\"widget\" data-widget_type=\"text-editor.default\">\n\t\t\t\t<div class=\"elementor-widget-container\">\n\t\t\t\t\t\t\t\t\t<ul>\n<li>Steuerung des logistischen Workflows<\/li>\n<\/ul>\n\t\t\t\t\t\t\t\t<\/div>\n\t\t\t\t<\/div>\n\t\t\t\t\t<\/div>\n\t\t\t\t<\/div>\n\t\t\t\t\t<\/div>\n\t\t<\/div>\n\t\t\t\t\t\t<\/div>\n\t\t\t\t<\/div>\n\t\t\t\t<div class=\"elementor-element elementor-element-927b203 elementor-widget__width-inherit elementor-widget elementor-widget-button\" data-id=\"927b203\" data-element_type=\"widget\" data-widget_type=\"button.default\">\n\t\t\t\t<div class=\"elementor-widget-container\">\n\t\t\t\t\t\t\t\t\t<div class=\"elementor-button-wrapper\">\n\t\t\t\t\t<a class=\"elementor-button elementor-button-link elementor-size-sm\" href=\"https:\/\/cle.e-clectic.ch\/de\/kontakte\/\">\n\t\t\t\t\t\t<span class=\"elementor-button-content-wrapper\">\n\t\t\t\t\t\t\t\t\t<span class=\"elementor-button-text\">KONTAKT<\/span>\n\t\t\t\t\t<\/span>\n\t\t\t\t\t<\/a>\n\t\t\t\t<\/div>\n\t\t\t\t\t\t\t\t<\/div>\n\t\t\t\t<\/div>\n\t\t\t\t<div class=\"elementor-element elementor-element-9f245bf elementor-widget__width-auto elementor-absolute elementor-widget elementor-widget-button\" data-id=\"9f245bf\" data-element_type=\"widget\" data-settings=\"{&quot;_position&quot;:&quot;absolute&quot;}\" data-widget_type=\"button.default\">\n\t\t\t\t<div class=\"elementor-widget-container\">\n\t\t\t\t\t\t\t\t\t<div class=\"elementor-button-wrapper\">\n\t\t\t\t\t<a class=\"elementor-button elementor-button-link elementor-size-sm\" href=\"https:\/\/cle.e-clectic.ch\/de\/kontakte\/\">\n\t\t\t\t\t\t<span class=\"elementor-button-content-wrapper\">\n\t\t\t\t\t\t\t\t\t<span class=\"elementor-button-text\">KONTAKT<\/span>\n\t\t\t\t\t<\/span>\n\t\t\t\t\t<\/a>\n\t\t\t\t<\/div>\n\t\t\t\t\t\t\t\t<\/div>\n\t\t\t\t<\/div>\n\t\t\t\t<\/div>\n\t\t<div class=\"elementor-element elementor-element-232a637e e-con-full e-flex wpr-particle-no wpr-jarallax-no wpr-parallax-no wpr-sticky-section-no e-con e-child\" data-id=\"232a637e\" data-element_type=\"container\">\n\t\t\t\t<div class=\"elementor-element elementor-element-410b2680 elementor-widget elementor-widget-text-editor\" data-id=\"410b2680\" data-element_type=\"widget\" data-widget_type=\"text-editor.default\">\n\t\t\t\t<div class=\"elementor-widget-container\">\n\t\t\t\t\t\t\t\t\t<h5><a href=\"https:\/\/cle.e-clectic.ch\/de\/category\/produkte\/industrielle-bildverarbeitung\/\"><strong>L\u00f6sungen von CL Electronics<\/strong><\/a><\/h5>\n\t\t\t\t\t\t\t\t<\/div>\n\t\t\t\t<\/div>\n\t\t\t\t<div class=\"elementor-element elementor-element-de36b1a elementor-widget__width-initial elementor-nav-menu--dropdown-tablet elementor-nav-menu__text-align-aside elementor-nav-menu--toggle elementor-nav-menu--burger elementor-widget elementor-widget-nav-menu\" data-id=\"de36b1a\" data-element_type=\"widget\" data-settings=\"{&quot;layout&quot;:&quot;vertical&quot;,&quot;submenu_icon&quot;:{&quot;value&quot;:&quot;&lt;svg class=\\&quot;e-font-icon-svg e-fas-caret-down\\&quot; viewBox=\\&quot;0 0 320 512\\&quot; xmlns=\\&quot;http:\\\/\\\/www.w3.org\\\/2000\\\/svg\\&quot;&gt;&lt;path d=\\&quot;M31.3 192h257.3c17.8 0 26.7 21.5 14.1 34.1L174.1 354.8c-7.8 7.8-20.5 7.8-28.3 0L17.2 226.1C4.6 213.5 13.5 192 31.3 192z\\&quot;&gt;&lt;\\\/path&gt;&lt;\\\/svg&gt;&quot;,&quot;library&quot;:&quot;fa-solid&quot;},&quot;toggle&quot;:&quot;burger&quot;}\" data-widget_type=\"nav-menu.default\">\n\t\t\t\t<div class=\"elementor-widget-container\">\n\t\t\t\t\t\t\t\t<nav aria-label=\"Solutions\" class=\"elementor-nav-menu--main elementor-nav-menu__container elementor-nav-menu--layout-vertical e--pointer-underline e--animation-fade\">\n\t\t\t\t<ul id=\"menu-1-de36b1a\" class=\"elementor-nav-menu sm-vertical\"><li class=\"menu-item menu-item-type-post_type menu-item-object-page menu-item-4405\"><a href=\"https:\/\/site.cl-electronics.com\/de\/loesungen\/referenzprojekt-automatisierung\/steuerung-des-logistik-workflows\/\" class=\"elementor-item\">Steuerung des Logistik-Workflows<\/a><\/li>\n<li class=\"menu-item menu-item-type-post_type menu-item-object-page menu-item-4406\"><a href=\"https:\/\/site.cl-electronics.com\/de\/loesungen\/referenzprojekt-automatisierung\/verwaltung-des-zugangs-zur-stadt\/\" class=\"elementor-item\">Verwaltung des Zugangs zur Stadt<\/a><\/li>\n<li class=\"menu-item menu-item-type-post_type menu-item-object-page menu-item-4407\"><a href=\"https:\/\/site.cl-electronics.com\/de\/loesungen\/referenzprojekt-automatisierung\/recycling-center\/\" class=\"elementor-item\">Recycling Center<\/a><\/li>\n<li class=\"menu-item menu-item-type-post_type menu-item-object-page menu-item-4408\"><a href=\"https:\/\/site.cl-electronics.com\/de\/loesungen\/referenzprojekt-automatisierung\/parkraumbewirtschaftung\/\" class=\"elementor-item\">Parkraumbewirtschaftung<\/a><\/li>\n<li class=\"menu-item menu-item-type-post_type menu-item-object-page menu-item-4409\"><a href=\"https:\/\/site.cl-electronics.com\/de\/loesungen\/referenzprojekt-automatisierung\/ueberwachung-des-stadions\/\" class=\"elementor-item\">\u00dcberwachung des Stadions<\/a><\/li>\n<\/ul>\t\t\t<\/nav>\n\t\t\t\t\t<div class=\"elementor-menu-toggle\" role=\"button\" tabindex=\"0\" aria-label=\"Men\u00fc Umschalter\" aria-expanded=\"false\">\n\t\t\t<svg aria-hidden=\"true\" role=\"presentation\" class=\"elementor-menu-toggle__icon--open e-font-icon-svg e-eicon-menu-bar\" viewBox=\"0 0 1000 1000\" xmlns=\"http:\/\/www.w3.org\/2000\/svg\"><path d=\"M104 333H896C929 333 958 304 958 271S929 208 896 208H104C71 208 42 237 42 271S71 333 104 333ZM104 583H896C929 583 958 554 958 521S929 458 896 458H104C71 458 42 487 42 521S71 583 104 583ZM104 833H896C929 833 958 804 958 771S929 708 896 708H104C71 708 42 737 42 771S71 833 104 833Z\"><\/path><\/svg><svg aria-hidden=\"true\" role=\"presentation\" class=\"elementor-menu-toggle__icon--close e-font-icon-svg e-eicon-close\" viewBox=\"0 0 1000 1000\" xmlns=\"http:\/\/www.w3.org\/2000\/svg\"><path d=\"M742 167L500 408 258 167C246 154 233 150 217 150 196 150 179 158 167 167 154 179 150 196 150 212 150 229 154 242 171 254L408 500 167 742C138 771 138 800 167 829 196 858 225 858 254 829L496 587 738 829C750 842 767 846 783 846 800 846 817 842 829 829 842 817 846 804 846 783 846 767 842 750 829 737L588 500 833 258C863 229 863 200 833 171 804 137 775 137 742 167Z\"><\/path><\/svg>\t\t\t<span class=\"elementor-screen-only\">Men\u00fc<\/span>\n\t\t<\/div>\n\t\t\t\t\t<nav class=\"elementor-nav-menu--dropdown elementor-nav-menu__container\" aria-hidden=\"true\">\n\t\t\t\t<ul id=\"menu-2-de36b1a\" class=\"elementor-nav-menu sm-vertical\"><li class=\"menu-item menu-item-type-post_type menu-item-object-page menu-item-4405\"><a href=\"https:\/\/site.cl-electronics.com\/de\/loesungen\/referenzprojekt-automatisierung\/steuerung-des-logistik-workflows\/\" class=\"elementor-item\" tabindex=\"-1\">Steuerung des Logistik-Workflows<\/a><\/li>\n<li class=\"menu-item menu-item-type-post_type menu-item-object-page menu-item-4406\"><a href=\"https:\/\/site.cl-electronics.com\/de\/loesungen\/referenzprojekt-automatisierung\/verwaltung-des-zugangs-zur-stadt\/\" class=\"elementor-item\" tabindex=\"-1\">Verwaltung des Zugangs zur Stadt<\/a><\/li>\n<li class=\"menu-item menu-item-type-post_type menu-item-object-page menu-item-4407\"><a href=\"https:\/\/site.cl-electronics.com\/de\/loesungen\/referenzprojekt-automatisierung\/recycling-center\/\" class=\"elementor-item\" tabindex=\"-1\">Recycling Center<\/a><\/li>\n<li class=\"menu-item menu-item-type-post_type menu-item-object-page menu-item-4408\"><a href=\"https:\/\/site.cl-electronics.com\/de\/loesungen\/referenzprojekt-automatisierung\/parkraumbewirtschaftung\/\" class=\"elementor-item\" tabindex=\"-1\">Parkraumbewirtschaftung<\/a><\/li>\n<li class=\"menu-item menu-item-type-post_type menu-item-object-page menu-item-4409\"><a href=\"https:\/\/site.cl-electronics.com\/de\/loesungen\/referenzprojekt-automatisierung\/ueberwachung-des-stadions\/\" class=\"elementor-item\" tabindex=\"-1\">\u00dcberwachung des Stadions<\/a><\/li>\n<\/ul>\t\t\t<\/nav>\n\t\t\t\t\t\t<\/div>\n\t\t\t\t<\/div>\n\t\t\t\t<\/div>\n\t\t\t\t<\/div>\n\t\t\t\t<\/div>\n\t\t","protected":false},"excerpt":{"rendered":"<p>Home \/ Das Projektziel war eine L\u00f6sung f\u00fcr die automatische Zugangskontrolle von LKWs auf dem Logistikgel\u00e4nde des Kunden.Das System wurde mit dem ERP-System des Kunden&#8230;<\/p>\n","protected":false},"author":1,"featured_media":3699,"parent":4160,"menu_order":0,"comment_status":"closed","ping_status":"closed","template":"","meta":{"inline_featured_image":false,"footnotes":""},"categories":[],"tags":[],"class_list":["post-4233","page","type-page","status-publish","has-post-thumbnail","hentry"],"yoast_head":"<!-- This site is optimized with the Yoast SEO plugin v24.1 - https:\/\/yoast.com\/wordpress\/plugins\/seo\/ -->\n<title>Steuerung des Logistik-Workflows - CL Electronics<\/title>\n<meta name=\"robots\" content=\"index, follow, max-snippet:-1, max-image-preview:large, max-video-preview:-1\" \/>\n<link rel=\"canonical\" href=\"https:\/\/site.cl-electronics.com\/de\/loesungen\/referenzprojekt-automatisierung\/steuerung-des-logistik-workflows\/\" \/>\n<meta property=\"og:locale\" content=\"de_DE\" \/>\n<meta property=\"og:type\" content=\"article\" \/>\n<meta property=\"og:title\" content=\"Steuerung des Logistik-Workflows - CL Electronics\" \/>\n<meta property=\"og:description\" content=\"Home \/ Das Projektziel war eine L\u00f6sung f\u00fcr die automatische Zugangskontrolle von LKWs auf dem Logistikgel\u00e4nde des Kunden.Das System wurde mit dem ERP-System des Kunden...\" \/>\n<meta property=\"og:url\" content=\"https:\/\/site.cl-electronics.com\/de\/loesungen\/referenzprojekt-automatisierung\/steuerung-des-logistik-workflows\/\" \/>\n<meta property=\"og:site_name\" content=\"CL Electronics\" \/>\n<meta property=\"article:modified_time\" content=\"2025-03-07T12:08:38+00:00\" \/>\n<meta property=\"og:image\" content=\"https:\/\/cle.e-clectic.ch\/wp-content\/uploads\/2024\/12\/Logistische-Workflowsteuerung.png\" \/>\n\t<meta property=\"og:image:width\" content=\"400\" \/>\n\t<meta property=\"og:image:height\" content=\"327\" \/>\n\t<meta property=\"og:image:type\" content=\"image\/png\" \/>\n<meta name=\"twitter:card\" content=\"summary_large_image\" \/>\n<script type=\"application\/ld+json\" class=\"yoast-schema-graph\">{\"@context\":\"https:\/\/schema.org\",\"@graph\":[{\"@type\":\"WebPage\",\"@id\":\"https:\/\/site.cl-electronics.com\/de\/loesungen\/referenzprojekt-automatisierung\/steuerung-des-logistik-workflows\/\",\"url\":\"https:\/\/site.cl-electronics.com\/de\/loesungen\/referenzprojekt-automatisierung\/steuerung-des-logistik-workflows\/\",\"name\":\"Steuerung des Logistik-Workflows - CL Electronics\",\"isPartOf\":{\"@id\":\"https:\/\/cle.e-clectic.ch\/#website\"},\"primaryImageOfPage\":{\"@id\":\"https:\/\/site.cl-electronics.com\/de\/loesungen\/referenzprojekt-automatisierung\/steuerung-des-logistik-workflows\/#primaryimage\"},\"image\":{\"@id\":\"https:\/\/site.cl-electronics.com\/de\/loesungen\/referenzprojekt-automatisierung\/steuerung-des-logistik-workflows\/#primaryimage\"},\"thumbnailUrl\":\"https:\/\/site.cl-electronics.com\/wp-content\/uploads\/2024\/12\/Logistische-Workflowsteuerung.png\",\"datePublished\":\"2024-12-01T07:00:26+00:00\",\"dateModified\":\"2025-03-07T12:08:38+00:00\",\"breadcrumb\":{\"@id\":\"https:\/\/site.cl-electronics.com\/de\/loesungen\/referenzprojekt-automatisierung\/steuerung-des-logistik-workflows\/#breadcrumb\"},\"inLanguage\":\"de\",\"potentialAction\":[{\"@type\":\"ReadAction\",\"target\":[\"https:\/\/site.cl-electronics.com\/de\/loesungen\/referenzprojekt-automatisierung\/steuerung-des-logistik-workflows\/\"]}]},{\"@type\":\"ImageObject\",\"inLanguage\":\"de\",\"@id\":\"https:\/\/site.cl-electronics.com\/de\/loesungen\/referenzprojekt-automatisierung\/steuerung-des-logistik-workflows\/#primaryimage\",\"url\":\"https:\/\/site.cl-electronics.com\/wp-content\/uploads\/2024\/12\/Logistische-Workflowsteuerung.png\",\"contentUrl\":\"https:\/\/site.cl-electronics.com\/wp-content\/uploads\/2024\/12\/Logistische-Workflowsteuerung.png\",\"width\":400,\"height\":327},{\"@type\":\"BreadcrumbList\",\"@id\":\"https:\/\/site.cl-electronics.com\/de\/loesungen\/referenzprojekt-automatisierung\/steuerung-des-logistik-workflows\/#breadcrumb\",\"itemListElement\":[{\"@type\":\"ListItem\",\"position\":1,\"name\":\"Home\",\"item\":\"https:\/\/site.cl-electronics.com\/de\/startseite\/\"},{\"@type\":\"ListItem\",\"position\":2,\"name\":\"L\u00f6sungen\",\"item\":\"https:\/\/site.cl-electronics.com\/de\/loesungen\/\"},{\"@type\":\"ListItem\",\"position\":3,\"name\":\"REFERENZPROJEKT-AUTOMATISIERUNG\",\"item\":\"https:\/\/site.cl-electronics.com\/de\/loesungen\/referenzprojekt-automatisierung\/\"},{\"@type\":\"ListItem\",\"position\":4,\"name\":\"Steuerung des Logistik-Workflows\"}]},{\"@type\":\"WebSite\",\"@id\":\"https:\/\/cle.e-clectic.ch\/#website\",\"url\":\"https:\/\/cle.e-clectic.ch\/\",\"name\":\"CL Electronics\",\"description\":\"\",\"publisher\":{\"@id\":\"https:\/\/cle.e-clectic.ch\/#organization\"},\"potentialAction\":[{\"@type\":\"SearchAction\",\"target\":{\"@type\":\"EntryPoint\",\"urlTemplate\":\"https:\/\/cle.e-clectic.ch\/?s={search_term_string}\"},\"query-input\":{\"@type\":\"PropertyValueSpecification\",\"valueRequired\":true,\"valueName\":\"search_term_string\"}}],\"inLanguage\":\"de\"},{\"@type\":\"Organization\",\"@id\":\"https:\/\/cle.e-clectic.ch\/#organization\",\"name\":\"CL Electronics\",\"url\":\"https:\/\/cle.e-clectic.ch\/\",\"logo\":{\"@type\":\"ImageObject\",\"inLanguage\":\"de\",\"@id\":\"https:\/\/cle.e-clectic.ch\/#\/schema\/logo\/image\/\",\"url\":\"https:\/\/site.cl-electronics.com\/wp-content\/uploads\/2024\/09\/CL_Electronics_blu.png\",\"contentUrl\":\"https:\/\/site.cl-electronics.com\/wp-content\/uploads\/2024\/09\/CL_Electronics_blu.png\",\"width\":480,\"height\":273,\"caption\":\"CL Electronics\"},\"image\":{\"@id\":\"https:\/\/cle.e-clectic.ch\/#\/schema\/logo\/image\/\"}}]}<\/script>\n<!-- \/ Yoast SEO plugin. -->","yoast_head_json":{"title":"Steuerung des Logistik-Workflows - CL Electronics","robots":{"index":"index","follow":"follow","max-snippet":"max-snippet:-1","max-image-preview":"max-image-preview:large","max-video-preview":"max-video-preview:-1"},"canonical":"https:\/\/site.cl-electronics.com\/de\/loesungen\/referenzprojekt-automatisierung\/steuerung-des-logistik-workflows\/","og_locale":"de_DE","og_type":"article","og_title":"Steuerung des Logistik-Workflows - CL Electronics","og_description":"Home \/ Das Projektziel war eine L\u00f6sung f\u00fcr die automatische Zugangskontrolle von LKWs auf dem Logistikgel\u00e4nde des Kunden.Das System wurde mit dem ERP-System des Kunden...","og_url":"https:\/\/site.cl-electronics.com\/de\/loesungen\/referenzprojekt-automatisierung\/steuerung-des-logistik-workflows\/","og_site_name":"CL Electronics","article_modified_time":"2025-03-07T12:08:38+00:00","og_image":[{"width":400,"height":327,"url":"https:\/\/cle.e-clectic.ch\/wp-content\/uploads\/2024\/12\/Logistische-Workflowsteuerung.png","type":"image\/png"}],"twitter_card":"summary_large_image","schema":{"@context":"https:\/\/schema.org","@graph":[{"@type":"WebPage","@id":"https:\/\/site.cl-electronics.com\/de\/loesungen\/referenzprojekt-automatisierung\/steuerung-des-logistik-workflows\/","url":"https:\/\/site.cl-electronics.com\/de\/loesungen\/referenzprojekt-automatisierung\/steuerung-des-logistik-workflows\/","name":"Steuerung des Logistik-Workflows - CL Electronics","isPartOf":{"@id":"https:\/\/cle.e-clectic.ch\/#website"},"primaryImageOfPage":{"@id":"https:\/\/site.cl-electronics.com\/de\/loesungen\/referenzprojekt-automatisierung\/steuerung-des-logistik-workflows\/#primaryimage"},"image":{"@id":"https:\/\/site.cl-electronics.com\/de\/loesungen\/referenzprojekt-automatisierung\/steuerung-des-logistik-workflows\/#primaryimage"},"thumbnailUrl":"https:\/\/site.cl-electronics.com\/wp-content\/uploads\/2024\/12\/Logistische-Workflowsteuerung.png","datePublished":"2024-12-01T07:00:26+00:00","dateModified":"2025-03-07T12:08:38+00:00","breadcrumb":{"@id":"https:\/\/site.cl-electronics.com\/de\/loesungen\/referenzprojekt-automatisierung\/steuerung-des-logistik-workflows\/#breadcrumb"},"inLanguage":"de","potentialAction":[{"@type":"ReadAction","target":["https:\/\/site.cl-electronics.com\/de\/loesungen\/referenzprojekt-automatisierung\/steuerung-des-logistik-workflows\/"]}]},{"@type":"ImageObject","inLanguage":"de","@id":"https:\/\/site.cl-electronics.com\/de\/loesungen\/referenzprojekt-automatisierung\/steuerung-des-logistik-workflows\/#primaryimage","url":"https:\/\/site.cl-electronics.com\/wp-content\/uploads\/2024\/12\/Logistische-Workflowsteuerung.png","contentUrl":"https:\/\/site.cl-electronics.com\/wp-content\/uploads\/2024\/12\/Logistische-Workflowsteuerung.png","width":400,"height":327},{"@type":"BreadcrumbList","@id":"https:\/\/site.cl-electronics.com\/de\/loesungen\/referenzprojekt-automatisierung\/steuerung-des-logistik-workflows\/#breadcrumb","itemListElement":[{"@type":"ListItem","position":1,"name":"Home","item":"https:\/\/site.cl-electronics.com\/de\/startseite\/"},{"@type":"ListItem","position":2,"name":"L\u00f6sungen","item":"https:\/\/site.cl-electronics.com\/de\/loesungen\/"},{"@type":"ListItem","position":3,"name":"REFERENZPROJEKT-AUTOMATISIERUNG","item":"https:\/\/site.cl-electronics.com\/de\/loesungen\/referenzprojekt-automatisierung\/"},{"@type":"ListItem","position":4,"name":"Steuerung des Logistik-Workflows"}]},{"@type":"WebSite","@id":"https:\/\/cle.e-clectic.ch\/#website","url":"https:\/\/cle.e-clectic.ch\/","name":"CL Electronics","description":"","publisher":{"@id":"https:\/\/cle.e-clectic.ch\/#organization"},"potentialAction":[{"@type":"SearchAction","target":{"@type":"EntryPoint","urlTemplate":"https:\/\/cle.e-clectic.ch\/?s={search_term_string}"},"query-input":{"@type":"PropertyValueSpecification","valueRequired":true,"valueName":"search_term_string"}}],"inLanguage":"de"},{"@type":"Organization","@id":"https:\/\/cle.e-clectic.ch\/#organization","name":"CL Electronics","url":"https:\/\/cle.e-clectic.ch\/","logo":{"@type":"ImageObject","inLanguage":"de","@id":"https:\/\/cle.e-clectic.ch\/#\/schema\/logo\/image\/","url":"https:\/\/site.cl-electronics.com\/wp-content\/uploads\/2024\/09\/CL_Electronics_blu.png","contentUrl":"https:\/\/site.cl-electronics.com\/wp-content\/uploads\/2024\/09\/CL_Electronics_blu.png","width":480,"height":273,"caption":"CL Electronics"},"image":{"@id":"https:\/\/cle.e-clectic.ch\/#\/schema\/logo\/image\/"}}]}},"_links":{"self":[{"href":"https:\/\/site.cl-electronics.com\/de\/wp-json\/wp\/v2\/pages\/4233","targetHints":{"allow":["GET"]}}],"collection":[{"href":"https:\/\/site.cl-electronics.com\/de\/wp-json\/wp\/v2\/pages"}],"about":[{"href":"https:\/\/site.cl-electronics.com\/de\/wp-json\/wp\/v2\/types\/page"}],"author":[{"embeddable":true,"href":"https:\/\/site.cl-electronics.com\/de\/wp-json\/wp\/v2\/users\/1"}],"replies":[{"embeddable":true,"href":"https:\/\/site.cl-electronics.com\/de\/wp-json\/wp\/v2\/comments?post=4233"}],"version-history":[{"count":2,"href":"https:\/\/site.cl-electronics.com\/de\/wp-json\/wp\/v2\/pages\/4233\/revisions"}],"predecessor-version":[{"id":5247,"href":"https:\/\/site.cl-electronics.com\/de\/wp-json\/wp\/v2\/pages\/4233\/revisions\/5247"}],"up":[{"embeddable":true,"href":"https:\/\/site.cl-electronics.com\/de\/wp-json\/wp\/v2\/pages\/4160"}],"wp:featuredmedia":[{"embeddable":true,"href":"https:\/\/site.cl-electronics.com\/de\/wp-json\/wp\/v2\/media\/3699"}],"wp:attachment":[{"href":"https:\/\/site.cl-electronics.com\/de\/wp-json\/wp\/v2\/media?parent=4233"}],"wp:term":[{"taxonomy":"category","embeddable":true,"href":"https:\/\/site.cl-electronics.com\/de\/wp-json\/wp\/v2\/categories?post=4233"},{"taxonomy":"post_tag","embeddable":true,"href":"https:\/\/site.cl-electronics.com\/de\/wp-json\/wp\/v2\/tags?post=4233"}],"curies":[{"name":"wp","href":"https:\/\/api.w.org\/{rel}","templated":true}]}}